{"id":10927,"date":"2026-03-15T18:54:24","date_gmt":"2026-03-15T18:54:24","guid":{"rendered":"https:\/\/bojler.mtecprojects.ch\/?post_type=product&#038;p=10927"},"modified":"2026-03-15T18:54:55","modified_gmt":"2026-03-15T18:54:55","slug":"tiki-tg-prime-80l","status":"publish","type":"product","link":"https:\/\/bojler.mtecprojects.ch\/?product=tiki-tg-prime-80l","title":{"rendered":"Tiki TG Prime 80L"},"content":{"rendered":"<h2>Dodatne informacije<\/h2>\n<table class=\"woocommerce-product-attributes shop_attributes\" aria-label=\"\u0414\u0435\u0442\u0430\u0459\u0438 \u043e \u043f\u0440\u043e\u0438\u0437\u0432\u043e\u0434\u0443\">\n<tbody>\n<tr class=\"woocommerce-product-attributes-item woocommerce-product-attributes-item--weight\">\n<th class=\"woocommerce-product-attributes-item__label\" scope=\"row\">Te\u017eina<\/th>\n<td class=\"woocommerce-product-attributes-item__value\">27 kg<\/td>\n<\/tr>\n<tr class=\"woocommerce-product-attributes-item woocommerce-product-attributes-item--dimensions\">\n<th class=\"woocommerce-product-attributes-item__label\" scope=\"row\">Dimenzije (Dubina\u00d7\u0160irina\u00d7Visina)<\/th>\n<td class=\"woocommerce-product-attributes-item__value\">46,1 \u00d7 45,4 \u00d7 78,1 cm<\/td>\n<\/tr>\n<tr class=\"woocommerce-product-attributes-item woocommerce-product-attributes-item--attribute_pa_proizvodjac\">\n<th class=\"woocommerce-product-attributes-item__label\" scope=\"row\">Proizvo\u0111a\u010d<\/th>\n<td class=\"woocommerce-product-attributes-item__value\">Tiki<\/td>\n<\/tr>\n<tr class=\"woocommerce-product-attributes-item woocommerce-product-attributes-item--attribute_pa_zapremina\">\n<th class=\"woocommerce-product-attributes-item__label\" scope=\"row\">Zapremina<\/th>\n<td class=\"woocommerce-product-attributes-item__value\">80L<\/td>\n<\/tr>\n<tr class=\"woocommerce-product-attributes-item woocommerce-product-attributes-item--attribute_pa_energetski-razred\">\n<th class=\"woocommerce-product-attributes-item__label\" scope=\"row\">Energetski razred<\/th>\n<td class=\"woocommerce-product-attributes-item__value\">C<\/td>\n<\/tr>\n<tr class=\"woocommerce-product-attributes-item woocommerce-product-attributes-item--attribute_pa_materijal\">\n<th class=\"woocommerce-product-attributes-item__label\" scope=\"row\">Materijal<\/th>\n<td class=\"woocommerce-product-attributes-item__value\">Emajl<\/td>\n<\/tr>\n<tr class=\"woocommerce-product-attributes-item woocommerce-product-attributes-item--attribute_pa_montiranje\">\n<th class=\"woocommerce-product-attributes-item__label\" scope=\"row\">Montiranje<\/th>\n<td class=\"woocommerce-product-attributes-item__value\">Zid<\/td>\n<\/tr>\n<tr class=\"woocommerce-product-attributes-item woocommerce-product-attributes-item--attribute_pa_snaga\">\n<th class=\"woocommerce-product-attributes-item__label\" scope=\"row\">Snaga<\/th>\n<td class=\"woocommerce-product-attributes-item__value\">2 kW<\/td>\n<\/tr>\n<tr class=\"woocommerce-product-attributes-item woocommerce-product-attributes-item--attribute_pa_nacin-ugradnje\">\n<th class=\"woocommerce-product-attributes-item__label\" scope=\"row\">Na\u010din ugradnje<\/th>\n<td class=\"woocommerce-product-attributes-item__value\">Vertikalno<\/td>\n<\/tr>\n<tr class=\"woocommerce-product-attributes-item woocommerce-product-attributes-item--attribute_pa_boja\">\n<th class=\"woocommerce-product-attributes-item__label\" scope=\"row\">Boja<\/th>\n<td class=\"woocommerce-product-attributes-item__value\">Bela<\/td>\n<\/tr>\n<tr class=\"woocommerce-product-attributes-item woocommerce-product-attributes-item--attribute_pa_garancija\">\n<th class=\"woocommerce-product-attributes-item__label\" scope=\"row\">Garancija<\/th>\n<td class=\"woocommerce-product-attributes-item__value\">5 godina<\/td>\n<\/tr>\n<tr class=\"woocommerce-product-attributes-item woocommerce-product-attributes-item--attribute_pa_zemlja\">\n<th class=\"woocommerce-product-attributes-item__label\" scope=\"row\">Zemlja porekla<\/th>\n<td class=\"woocommerce-product-attributes-item__value\">Srbija<\/td>\n<\/tr>\n<\/tbody>\n<\/table>\n","protected":false},"excerpt":{"rendered":"<p><strong>Visokokvalitetna izolacija<\/strong><br \/>\nVisokokvalitetna i ekolo\u0161ki prihvatljiva toplotna izolacija osigurava najekonomi\u010dniju potro\u0161nju energije i minimalan gubitak toplote.<br \/>\n<strong>Dvostruka za\u0161tita od korozije<\/strong><br \/>\nPrvoklasni izuzetni \u010disti emajl i velika magnezijumska anoda obezbe\u0111uju izdr\u017eljivost i u najte\u017eim uslovima rada i to bez \u0161tetnih primesi u vodi.<br \/>\n<strong>Elektri\u010dni uronjeni greja\u010di<\/strong><br \/>\nBakarni uronjeni elektri\u010dni greja\u010di u neposrednom kontaktu sa vodom osiguravaju jaku otpornost na koroziju i dugi \u017eivotni vek.<br \/>\n<strong>Basic<\/strong><br \/>\nOsnovna regulacija dugmetom omogu\u0107ava pode\u0161avanje temperature do \u017eeljenog nivoa: izbor najvi\u0161e temperature, ekonomi\u010dnu temperaturu ili pode\u0161avanje temperature protiv zamrzavanja.<br \/>\n<strong>Jer znamo \u0161ta radimo<\/strong><br \/>\nUvereni u kvalitet na\u0161ih proizvoda i uz brigu o ispunjavaju o\u010dekivanja na\u0161ih korisnika, nudimo 10 godina garancije na kotao bojlera (uz kontrolu magnezijumske anode bojlera jednom u 5 godina, kod bojlera koji imaju emajlirani kotao).<strong>Za\u0161tita od pregrevanja<\/strong>Za\u0161tita od pregrevanja spre\u010dava podizanje temperature vode u bojleru iznad 90 \u00b0C . Bojler se isklju\u010duje i upozorava korisnika da je temperatura vode previsoka zbog nepravilnosti u radu. Tako \u0161titi korisnika da se eventualno slu\u010dajno ne ope\u010de.<\/p>\n<p>Monta\u017ea je trenutno dostupna samo na teritoriji Beograda i uklju\u010duje demonta\u017eu starog bojlera.<br \/>\nDostava, nosa\u010di bojlera i brinoks creva nisu uklju\u010deni u cenu.<\/p>\n","protected":false},"featured_media":10971,"comment_status":"closed","ping_status":"closed","template":"","meta":{"_acf_changed":false,"content-type":""},"pwb-brand":[],"product_brand":[],"product_cat":[154,151,132,148,137,134,136,138,140,153,205,141,129,152],"product_tag":[],"class_list":{"0":"post-10927","1":"product","2":"type-product","3":"status-publish","4":"has-post-thumbnail","6":"product_cat-2-kw","7":"product_cat-80l","8":"product_cat-brend","9":"product_cat-c","10":"product_cat-emajl","11":"product_cat-energetski-razred","12":"product_cat-materijal-kazana","13":"product_cat-montiranje","14":"product_cat-nacin-ugradnje","15":"product_cat-snaga","16":"product_cat-tiki","17":"product_cat-vertikalno","18":"product_cat-zapremina-bojlera","19":"product_cat-zid","21":"first","22":"instock","23":"sale","24":"shipping-taxable","25":"purchasable","26":"product-type-simple"},"acf":[],"brands":[],"_links":{"self":[{"href":"https:\/\/bojler.mtecprojects.ch\/index.php?rest_route=\/wp\/v2\/product\/10927","targetHints":{"allow":["GET"]}}],"collection":[{"href":"https:\/\/bojler.mtecprojects.ch\/index.php?rest_route=\/wp\/v2\/product"}],"about":[{"href":"https:\/\/bojler.mtecprojects.ch\/index.php?rest_route=\/wp\/v2\/types\/product"}],"replies":[{"embeddable":true,"href":"https:\/\/bojler.mtecprojects.ch\/index.php?rest_route=%2Fwp%2Fv2%2Fcomments&post=10927"}],"wp:featuredmedia":[{"embeddable":true,"href":"https:\/\/bojler.mtecprojects.ch\/index.php?rest_route=\/wp\/v2\/media\/10971"}],"wp:attachment":[{"href":"https:\/\/bojler.mtecprojects.ch\/index.php?rest_route=%2Fwp%2Fv2%2Fmedia&parent=10927"}],"wp:term":[{"taxonomy":"pwb-brand","embeddable":true,"href":"https:\/\/bojler.mtecprojects.ch\/index.php?rest_route=%2Fwp%2Fv2%2Fpwb-brand&post=10927"},{"taxonomy":"product_brand","embeddable":true,"href":"https:\/\/bojler.mtecprojects.ch\/index.php?rest_route=%2Fwp%2Fv2%2Fproduct_brand&post=10927"},{"taxonomy":"product_cat","embeddable":true,"href":"https:\/\/bojler.mtecprojects.ch\/index.php?rest_route=%2Fwp%2Fv2%2Fproduct_cat&post=10927"},{"taxonomy":"product_tag","embeddable":true,"href":"https:\/\/bojler.mtecprojects.ch\/index.php?rest_route=%2Fwp%2Fv2%2Fproduct_tag&post=10927"}],"curies":[{"name":"wp","href":"https:\/\/api.w.org\/{rel}","templated":true}]}}