{"id":10893,"date":"2026-03-15T18:54:01","date_gmt":"2026-03-15T18:54:01","guid":{"rendered":"https:\/\/bojler.mtecprojects.ch\/?post_type=product&#038;p=10893"},"modified":"2026-03-15T18:54:50","modified_gmt":"2026-03-15T18:54:50","slug":"vaillant-electronicved-pro-18-8-b","status":"publish","type":"product","link":"https:\/\/bojler.mtecprojects.ch\/?product=vaillant-electronicved-pro-18-8-b","title":{"rendered":"Vaillant electronicVED PRO 18\/8 B"},"content":{"rendered":"<h2>Dodatne informacije<\/h2>\n<table class=\"woocommerce-product-attributes shop_attributes\" aria-label=\"\u0414\u0435\u0442\u0430\u0459\u0438 \u043e \u043f\u0440\u043e\u0438\u0437\u0432\u043e\u0434\u0443\">\n<tbody>\n<tr class=\"woocommerce-product-attributes-item woocommerce-product-attributes-item--weight\">\n<th class=\"woocommerce-product-attributes-item__label\" scope=\"row\">Te\u017eina<\/th>\n<td class=\"woocommerce-product-attributes-item__value\">4,4 kg<\/td>\n<\/tr>\n<tr class=\"woocommerce-product-attributes-item woocommerce-product-attributes-item--dimensions\">\n<th class=\"woocommerce-product-attributes-item__label\" scope=\"row\">Dimenzije (Dubina\u00d7\u0160irina\u00d7Visina)<\/th>\n<td class=\"woocommerce-product-attributes-item__value\">10 \u00d7 24 \u00d7 48,1 cm<\/td>\n<\/tr>\n<tr class=\"woocommerce-product-attributes-item woocommerce-product-attributes-item--attribute_pa_proizvodjac\">\n<th class=\"woocommerce-product-attributes-item__label\" scope=\"row\">Proizvo\u0111a\u010d<\/th>\n<td class=\"woocommerce-product-attributes-item__value\">Vaillant<\/td>\n<\/tr>\n<tr class=\"woocommerce-product-attributes-item woocommerce-product-attributes-item--attribute_pa_snaga\">\n<th class=\"woocommerce-product-attributes-item__label\" scope=\"row\">Snaga<\/th>\n<td class=\"woocommerce-product-attributes-item__value\">18 kW<\/td>\n<\/tr>\n<tr class=\"woocommerce-product-attributes-item woocommerce-product-attributes-item--attribute_pa_energetski-razred\">\n<th class=\"woocommerce-product-attributes-item__label\" scope=\"row\">Energetski razred<\/th>\n<td class=\"woocommerce-product-attributes-item__value\">A<\/td>\n<\/tr>\n<tr class=\"woocommerce-product-attributes-item woocommerce-product-attributes-item--attribute_pa_montiranje\">\n<th class=\"woocommerce-product-attributes-item__label\" scope=\"row\">Montiranje<\/th>\n<td class=\"woocommerce-product-attributes-item__value\">Visoka monta\u017ea, Niska monta\u017ea<\/td>\n<\/tr>\n<tr class=\"woocommerce-product-attributes-item woocommerce-product-attributes-item--attribute_pa_nacin-ugradnje\">\n<th class=\"woocommerce-product-attributes-item__label\" scope=\"row\">Na\u010din ugradnje<\/th>\n<td class=\"woocommerce-product-attributes-item__value\">Vertikalno<\/td>\n<\/tr>\n<tr class=\"woocommerce-product-attributes-item woocommerce-product-attributes-item--attribute_pa_boja\">\n<th class=\"woocommerce-product-attributes-item__label\" scope=\"row\">Boja<\/th>\n<td class=\"woocommerce-product-attributes-item__value\">Bela<\/td>\n<\/tr>\n<tr class=\"woocommerce-product-attributes-item woocommerce-product-attributes-item--attribute_pa_garancija\">\n<th class=\"woocommerce-product-attributes-item__label\" scope=\"row\">Garancija<\/th>\n<td class=\"woocommerce-product-attributes-item__value\">2 godine<\/td>\n<\/tr>\n<tr class=\"woocommerce-product-attributes-item woocommerce-product-attributes-item--attribute_pa_zemlja\">\n<th class=\"woocommerce-product-attributes-item__label\" scope=\"row\">Zemlja porekla<\/th>\n<td class=\"woocommerce-product-attributes-item__value\">Nema\u010dka<\/td>\n<\/tr>\n<\/tbody>\n<\/table>\n","protected":false},"excerpt":{"rendered":"<h5 data-index-field=\"meta_product_subheadline\">Priprema tople vode po proto\u010dnom principu<\/h5>\n<ul>\n<li data-index-fields=\"meta_product_usps\">Elektronska stepenasta regulacija sa tri fiksne temperature: 35\/45\/55 \u00b0 C<\/li>\n<li data-index-fields=\"meta_product_usps\">Moderan ravan dizajn<\/li>\n<li data-index-fields=\"meta_product_usps\">Vodootporan, za\u0161tita IP 25<\/li>\n<li data-index-fields=\"meta_product_usps\">Ku\u0107i\u0161te postojano na UV zrake<\/li>\n<li data-index-fields=\"meta_product_usps\">Brza i jednostavna instalacija<\/li>\n<li>Razred energetske efikasnosti za pripremu tople vode: A<\/li>\n<li>Nazivni kapacitet u kW: 18<\/li>\n<li>Maksimalni protok vode za modele 18 do 24 kW: 8 lit\/min<\/li>\n<li>Potreban osigura\u010d po fazi: 32 A<\/li>\n<li>Rastojanje izme\u0111u priklju\u010dnih cevi: 100\u00a0mm<\/li>\n<li>Mogu\u0107nost povezivanja na solarni sistem: Da<\/li>\n<li>Monta\u017ea je trenutno dostupna samo na teritoriji Beograda i uklju\u010duje demonta\u017eu starog bojlera.<br \/>\nDostava i brinoks creva nisu uklju\u010deni u cenu.<\/li>\n<\/ul>\n","protected":false},"featured_media":10962,"comment_status":"closed","ping_status":"closed","template":"","meta":{"_acf_changed":false,"content-type":""},"pwb-brand":[],"product_brand":[],"product_cat":[166,145,132,134,138,140,139,153,172,141,146],"product_tag":[],"class_list":{"0":"post-10893","1":"product","2":"type-product","3":"status-publish","4":"has-post-thumbnail","6":"product_cat-18-kw","7":"product_cat-a","8":"product_cat-brend","9":"product_cat-energetski-razred","10":"product_cat-montiranje","11":"product_cat-nacin-ugradnje","12":"product_cat-niska-montaza","13":"product_cat-snaga","14":"product_cat-vaillant","15":"product_cat-vertikalno","16":"product_cat-visoka-montaza","18":"first","19":"instock","20":"sale","21":"shipping-taxable","22":"purchasable","23":"product-type-simple"},"acf":[],"brands":[],"_links":{"self":[{"href":"https:\/\/bojler.mtecprojects.ch\/index.php?rest_route=\/wp\/v2\/product\/10893","targetHints":{"allow":["GET"]}}],"collection":[{"href":"https:\/\/bojler.mtecprojects.ch\/index.php?rest_route=\/wp\/v2\/product"}],"about":[{"href":"https:\/\/bojler.mtecprojects.ch\/index.php?rest_route=\/wp\/v2\/types\/product"}],"replies":[{"embeddable":true,"href":"https:\/\/bojler.mtecprojects.ch\/index.php?rest_route=%2Fwp%2Fv2%2Fcomments&post=10893"}],"wp:featuredmedia":[{"embeddable":true,"href":"https:\/\/bojler.mtecprojects.ch\/index.php?rest_route=\/wp\/v2\/media\/10962"}],"wp:attachment":[{"href":"https:\/\/bojler.mtecprojects.ch\/index.php?rest_route=%2Fwp%2Fv2%2Fmedia&parent=10893"}],"wp:term":[{"taxonomy":"pwb-brand","embeddable":true,"href":"https:\/\/bojler.mtecprojects.ch\/index.php?rest_route=%2Fwp%2Fv2%2Fpwb-brand&post=10893"},{"taxonomy":"product_brand","embeddable":true,"href":"https:\/\/bojler.mtecprojects.ch\/index.php?rest_route=%2Fwp%2Fv2%2Fproduct_brand&post=10893"},{"taxonomy":"product_cat","embeddable":true,"href":"https:\/\/bojler.mtecprojects.ch\/index.php?rest_route=%2Fwp%2Fv2%2Fproduct_cat&post=10893"},{"taxonomy":"product_tag","embeddable":true,"href":"https:\/\/bojler.mtecprojects.ch\/index.php?rest_route=%2Fwp%2Fv2%2Fproduct_tag&post=10893"}],"curies":[{"name":"wp","href":"https:\/\/api.w.org\/{rel}","templated":true}]}}