{"id":10853,"date":"2026-03-15T18:53:37","date_gmt":"2026-03-15T18:53:37","guid":{"rendered":"https:\/\/bojler.mtecprojects.ch\/?post_type=product&#038;p=10853"},"modified":"2026-03-15T18:54:34","modified_gmt":"2026-03-15T18:54:34","slug":"electrolux-ewh-10-q-u-eec-2","status":"publish","type":"product","link":"https:\/\/bojler.mtecprojects.ch\/?product=electrolux-ewh-10-q-u-eec-2","title":{"rendered":"Electrolux EWH 10 Q U EEC"},"content":{"rendered":"<h2>Dodatne informacije<\/h2>\n<table class=\"woocommerce-product-attributes shop_attributes\" aria-label=\"\u0414\u0435\u0442\u0430\u0459\u0438 \u043e \u043f\u0440\u043e\u0438\u0437\u0432\u043e\u0434\u0443\">\n<tbody>\n<tr class=\"woocommerce-product-attributes-item woocommerce-product-attributes-item--weight\">\n<th class=\"woocommerce-product-attributes-item__label\" scope=\"row\">Te\u017eina<\/th>\n<td class=\"woocommerce-product-attributes-item__value\">8,8 kg<\/td>\n<\/tr>\n<tr class=\"woocommerce-product-attributes-item woocommerce-product-attributes-item--dimensions\">\n<th class=\"woocommerce-product-attributes-item__label\" scope=\"row\">Dimenzije (Dubina\u00d7\u0160irina\u00d7Visina)<\/th>\n<td class=\"woocommerce-product-attributes-item__value\">31,5 \u00d7 32,4 \u00d7 31,5 cm<\/td>\n<\/tr>\n<tr class=\"woocommerce-product-attributes-item woocommerce-product-attributes-item--attribute_pa_proizvodjac\">\n<th class=\"woocommerce-product-attributes-item__label\" scope=\"row\">Proizvo\u0111a\u010d<\/th>\n<td class=\"woocommerce-product-attributes-item__value\">Electrolux<\/td>\n<\/tr>\n<tr class=\"woocommerce-product-attributes-item woocommerce-product-attributes-item--attribute_pa_uvoznik\">\n<th class=\"woocommerce-product-attributes-item__label\" scope=\"row\">Uvoznik<\/th>\n<td class=\"woocommerce-product-attributes-item__value\">220-B d.o.o.<\/td>\n<\/tr>\n<tr class=\"woocommerce-product-attributes-item woocommerce-product-attributes-item--attribute_pa_zemlja\">\n<th class=\"woocommerce-product-attributes-item__label\" scope=\"row\">Zemlja porekla<\/th>\n<td class=\"woocommerce-product-attributes-item__value\">\u0160vedska<\/td>\n<\/tr>\n<tr class=\"woocommerce-product-attributes-item woocommerce-product-attributes-item--attribute_pa_zapremina\">\n<th class=\"woocommerce-product-attributes-item__label\" scope=\"row\">Zapremina<\/th>\n<td class=\"woocommerce-product-attributes-item__value\">10L<\/td>\n<\/tr>\n<tr class=\"woocommerce-product-attributes-item woocommerce-product-attributes-item--attribute_pa_energetski-razred\">\n<th class=\"woocommerce-product-attributes-item__label\" scope=\"row\">Energetski razred<\/th>\n<td class=\"woocommerce-product-attributes-item__value\">B<\/td>\n<\/tr>\n<tr class=\"woocommerce-product-attributes-item woocommerce-product-attributes-item--attribute_pa_montiranje\">\n<th class=\"woocommerce-product-attributes-item__label\" scope=\"row\">Montiranje<\/th>\n<td class=\"woocommerce-product-attributes-item__value\">Niska monta\u017ea<\/td>\n<\/tr>\n<tr class=\"woocommerce-product-attributes-item woocommerce-product-attributes-item--attribute_pa_nacin-ugradnje\">\n<th class=\"woocommerce-product-attributes-item__label\" scope=\"row\">Na\u010din ugradnje<\/th>\n<td class=\"woocommerce-product-attributes-item__value\">Vertikalno<\/td>\n<\/tr>\n<tr class=\"woocommerce-product-attributes-item woocommerce-product-attributes-item--attribute_pa_princip-rada\">\n<th class=\"woocommerce-product-attributes-item__label\" scope=\"row\">Princip rada<\/th>\n<td class=\"woocommerce-product-attributes-item__value\">Visokopritisni<\/td>\n<\/tr>\n<tr class=\"woocommerce-product-attributes-item woocommerce-product-attributes-item--attribute_pa_boja\">\n<th class=\"woocommerce-product-attributes-item__label\" scope=\"row\">Boja<\/th>\n<td class=\"woocommerce-product-attributes-item__value\">Bela<\/td>\n<\/tr>\n<tr class=\"woocommerce-product-attributes-item woocommerce-product-attributes-item--attribute_pa_garancija\">\n<th class=\"woocommerce-product-attributes-item__label\" scope=\"row\">Garancija<\/th>\n<td class=\"woocommerce-product-attributes-item__value\">5 godina<\/td>\n<\/tr>\n<\/tbody>\n<\/table>\n","protected":false},"excerpt":{"rendered":"<ul>\n<li>Kompaktni model 10 litara<\/li>\n<li>Priklju\u010dak vode odozgo (U)<\/li>\n<li>Indikacija uklju\u010divanja<\/li>\n<li>Mehani\u010dki termostat<\/li>\n<li>Brzo zagrevanje do maksimalne temperature za 19 minuta<\/li>\n<li>Sistem za za\u0161titu od korozije Protect Tank: fino raspr\u0161ena emajlirana prevlaka unutra\u0161njeg rezervoara i grejnog elementa, sigurnosni sistem i magnezijumska anoda pove\u0107ane te\u017eine<\/li>\n<li>Ekonomi\u010dan re\u017eim rada: pove\u0107ani resurs grejnog elementa i za\u0161tita od kamenca<\/li>\n<li>Maksimalna potro\u0161nja energije: 2kW<\/li>\n<li>Klasa otpornosti na pra\u0161inu i vlagu: IPX4<\/li>\n<li>Sigurnosni ventil za pritisak<\/li>\n<li>Za\u0161tita od pregrevanja<\/li>\n<li><span class=\"ProductHygieneFactors-listItemKey\">Maks. temperatura vode: 65 \u00b0\u0421<\/span><\/li>\n<li>Monta\u017ea je trenutno dostupna samo na teritoriji Beograda i uklju\u010duje demonta\u017eu starog bojlera.<br \/>\nDostava i brinoks creva nisu uklju\u010deni u cenu.<\/li>\n<\/ul>\n","protected":false},"featured_media":10939,"comment_status":"closed","ping_status":"closed","template":"","meta":{"_acf_changed":false,"content-type":""},"pwb-brand":[],"product_brand":[],"product_cat":[130,135,132,170,137,134,136,138,140,139,142,141,143,129],"product_tag":[],"class_list":{"0":"post-10853","1":"product","2":"type-product","3":"status-publish","4":"has-post-thumbnail","6":"product_cat-10l","7":"product_cat-b","8":"product_cat-brend","9":"product_cat-electrolux","10":"product_cat-emajl","11":"product_cat-energetski-razred","12":"product_cat-materijal-kazana","13":"product_cat-montiranje","14":"product_cat-nacin-ugradnje","15":"product_cat-niska-montaza","16":"product_cat-princip-rada","17":"product_cat-vertikalno","18":"product_cat-visokopritisni","19":"product_cat-zapremina-bojlera","21":"first","22":"instock","23":"sale","24":"shipping-taxable","25":"purchasable","26":"product-type-simple"},"acf":[],"brands":[],"_links":{"self":[{"href":"https:\/\/bojler.mtecprojects.ch\/index.php?rest_route=\/wp\/v2\/product\/10853","targetHints":{"allow":["GET"]}}],"collection":[{"href":"https:\/\/bojler.mtecprojects.ch\/index.php?rest_route=\/wp\/v2\/product"}],"about":[{"href":"https:\/\/bojler.mtecprojects.ch\/index.php?rest_route=\/wp\/v2\/types\/product"}],"replies":[{"embeddable":true,"href":"https:\/\/bojler.mtecprojects.ch\/index.php?rest_route=%2Fwp%2Fv2%2Fcomments&post=10853"}],"wp:featuredmedia":[{"embeddable":true,"href":"https:\/\/bojler.mtecprojects.ch\/index.php?rest_route=\/wp\/v2\/media\/10939"}],"wp:attachment":[{"href":"https:\/\/bojler.mtecprojects.ch\/index.php?rest_route=%2Fwp%2Fv2%2Fmedia&parent=10853"}],"wp:term":[{"taxonomy":"pwb-brand","embeddable":true,"href":"https:\/\/bojler.mtecprojects.ch\/index.php?rest_route=%2Fwp%2Fv2%2Fpwb-brand&post=10853"},{"taxonomy":"product_brand","embeddable":true,"href":"https:\/\/bojler.mtecprojects.ch\/index.php?rest_route=%2Fwp%2Fv2%2Fproduct_brand&post=10853"},{"taxonomy":"product_cat","embeddable":true,"href":"https:\/\/bojler.mtecprojects.ch\/index.php?rest_route=%2Fwp%2Fv2%2Fproduct_cat&post=10853"},{"taxonomy":"product_tag","embeddable":true,"href":"https:\/\/bojler.mtecprojects.ch\/index.php?rest_route=%2Fwp%2Fv2%2Fproduct_tag&post=10853"}],"curies":[{"name":"wp","href":"https:\/\/api.w.org\/{rel}","templated":true}]}}