{"id":10852,"date":"2026-03-15T18:53:37","date_gmt":"2026-03-15T18:53:37","guid":{"rendered":"https:\/\/bojler.mtecprojects.ch\/?post_type=product&#038;p=10852"},"modified":"2026-03-15T18:54:31","modified_gmt":"2026-03-15T18:54:31","slug":"electrolux-ewh-80-gld-grafit-eec","status":"publish","type":"product","link":"https:\/\/bojler.mtecprojects.ch\/?product=electrolux-ewh-80-gld-grafit-eec","title":{"rendered":"Electrolux EWH 80 GLD Grafit EEC"},"content":{"rendered":"<h2>Dodatne informacije<\/h2>\n<table class=\"woocommerce-product-attributes shop_attributes\" aria-label=\"\u0414\u0435\u0442\u0430\u0459\u0438 \u043e \u043f\u0440\u043e\u0438\u0437\u0432\u043e\u0434\u0443\">\n<tbody>\n<tr class=\"woocommerce-product-attributes-item woocommerce-product-attributes-item--weight\">\n<th class=\"woocommerce-product-attributes-item__label\" scope=\"row\">Te\u017eina<\/th>\n<td class=\"woocommerce-product-attributes-item__value\">28,9 kg<\/td>\n<\/tr>\n<tr class=\"woocommerce-product-attributes-item woocommerce-product-attributes-item--dimensions\">\n<th class=\"woocommerce-product-attributes-item__label\" scope=\"row\">Dimenzije (Dubina\u00d7\u0160irina\u00d7Visina)<\/th>\n<td class=\"woocommerce-product-attributes-item__value\">35 \u00d7 55,5 \u00d7 92 cm<\/td>\n<\/tr>\n<tr class=\"woocommerce-product-attributes-item woocommerce-product-attributes-item--attribute_pa_proizvodjac\">\n<th class=\"woocommerce-product-attributes-item__label\" scope=\"row\">Proizvo\u0111a\u010d<\/th>\n<td class=\"woocommerce-product-attributes-item__value\">Electrolux<\/td>\n<\/tr>\n<tr class=\"woocommerce-product-attributes-item woocommerce-product-attributes-item--attribute_pa_uvoznik\">\n<th class=\"woocommerce-product-attributes-item__label\" scope=\"row\">Uvoznik<\/th>\n<td class=\"woocommerce-product-attributes-item__value\">ASG d.o.o.<\/td>\n<\/tr>\n<tr class=\"woocommerce-product-attributes-item woocommerce-product-attributes-item--attribute_pa_zemlja\">\n<th class=\"woocommerce-product-attributes-item__label\" scope=\"row\">Zemlja porekla<\/th>\n<td class=\"woocommerce-product-attributes-item__value\">\u0160vedska<\/td>\n<\/tr>\n<tr class=\"woocommerce-product-attributes-item woocommerce-product-attributes-item--attribute_pa_zapremina\">\n<th class=\"woocommerce-product-attributes-item__label\" scope=\"row\">Zapremina<\/th>\n<td class=\"woocommerce-product-attributes-item__value\">80L<\/td>\n<\/tr>\n<tr class=\"woocommerce-product-attributes-item woocommerce-product-attributes-item--attribute_pa_upotrebljiv-kapacitet-vode\">\n<th class=\"woocommerce-product-attributes-item__label\" scope=\"row\">Upotrebljiv kapacitet vode<\/th>\n<td class=\"woocommerce-product-attributes-item__value\">65L<\/td>\n<\/tr>\n<tr class=\"woocommerce-product-attributes-item woocommerce-product-attributes-item--attribute_pa_snaga\">\n<th class=\"woocommerce-product-attributes-item__label\" scope=\"row\">Snaga<\/th>\n<td class=\"woocommerce-product-attributes-item__value\">2 kW<\/td>\n<\/tr>\n<tr class=\"woocommerce-product-attributes-item woocommerce-product-attributes-item--attribute_pa_materijal\">\n<th class=\"woocommerce-product-attributes-item__label\" scope=\"row\">Materijal<\/th>\n<td class=\"woocommerce-product-attributes-item__value\">Emajl<\/td>\n<\/tr>\n<tr class=\"woocommerce-product-attributes-item woocommerce-product-attributes-item--attribute_pa_grejac\">\n<th class=\"woocommerce-product-attributes-item__label\" scope=\"row\">Greja\u010d<\/th>\n<td class=\"woocommerce-product-attributes-item__value\">Suvi greja\u010d<\/td>\n<\/tr>\n<tr class=\"woocommerce-product-attributes-item woocommerce-product-attributes-item--attribute_pa_energetski-razred\">\n<th class=\"woocommerce-product-attributes-item__label\" scope=\"row\">Energetski razred<\/th>\n<td class=\"woocommerce-product-attributes-item__value\">C<\/td>\n<\/tr>\n<tr class=\"woocommerce-product-attributes-item woocommerce-product-attributes-item--attribute_pa_montiranje\">\n<th class=\"woocommerce-product-attributes-item__label\" scope=\"row\">Montiranje<\/th>\n<td class=\"woocommerce-product-attributes-item__value\">Zid<\/td>\n<\/tr>\n<tr class=\"woocommerce-product-attributes-item woocommerce-product-attributes-item--attribute_pa_nacin-ugradnje\">\n<th class=\"woocommerce-product-attributes-item__label\" scope=\"row\">Na\u010din ugradnje<\/th>\n<td class=\"woocommerce-product-attributes-item__value\">Vertikalno, Horizontalno<\/td>\n<\/tr>\n<tr class=\"woocommerce-product-attributes-item woocommerce-product-attributes-item--attribute_pa_boja\">\n<th class=\"woocommerce-product-attributes-item__label\" scope=\"row\">Boja<\/th>\n<td class=\"woocommerce-product-attributes-item__value\">Grafit<\/td>\n<\/tr>\n<tr class=\"woocommerce-product-attributes-item woocommerce-product-attributes-item--attribute_pa_prikljucak\">\n<th class=\"woocommerce-product-attributes-item__label\" scope=\"row\">Priklju\u010dak<\/th>\n<td class=\"woocommerce-product-attributes-item__value\">Levo<\/td>\n<\/tr>\n<tr class=\"woocommerce-product-attributes-item woocommerce-product-attributes-item--attribute_pa_garancija\">\n<th class=\"woocommerce-product-attributes-item__label\" scope=\"row\">Garancija<\/th>\n<td class=\"woocommerce-product-attributes-item__value\">5 godina<\/td>\n<\/tr>\n<\/tbody>\n<\/table>\n","protected":false},"excerpt":{"rendered":"<ul>\n<li>X-Heat \u2013 sistem \u201esuvih\u201c grejnih elemenata<\/li>\n<li>Sistem profesionalnog antibakterijskog pre\u010di\u0161\u0107avanja vode Bacteria Stop System<\/li>\n<li>Re\u017eim rada \u201eprotiv smrzavanja\u201c<\/li>\n<li>Super ravno ku\u0107i\u0161te od 25 cm s mogu\u0107no\u0161\u0107u postavljanja vertikalno ili horizontalno<\/li>\n<li>Moderni greja\u010di vode GLD imaju jedinstven ravni oblik, elektronsko upravljanje i LED displej<\/li>\n<li>Ure\u0111aji serije lako se postavljaju u sku\u010deni prostor, prikladni su za rad, pouzdano su za\u0161ti\u0107eni vi\u0161estepenim sigurnosnim sistemom<\/li>\n<li>GLD mo\u017ee raditi u eko-re\u017eimu rada: voda \u0107e se zagrejati na temperaturu od 50-55 stepeni, pri ovoj temperaturi po\u010dinje toplotna obrada vode i nema stvaranja kamenca<\/li>\n<li>Zahvaljuju\u0107i re\u017eimu rada \u201eprotiv smrzavanja\u201c, on se mo\u017ee za\u0161tititi od hladno\u0107e: inteligentni sistem upravljanja greja\u010dem vode trenutno \u0107e pove\u0107ati temperaturu vode u rezervoaru ako padne na kriti\u010dnu vrednost od +4 \u00b0C<\/li>\n<li>Monta\u017ea je trenutno dostupna samo na teritoriji Beograda i uklju\u010duje demonta\u017eu starog bojlera.<br \/>\nDostava i brinoks creva nisu uklju\u010deni u cenu.<\/li>\n<\/ul>\n","protected":false},"featured_media":10936,"comment_status":"closed","ping_status":"closed","template":"","meta":{"_acf_changed":false,"content-type":""},"pwb-brand":[],"product_brand":[],"product_cat":[154,151,132,148,170,137,134,168,183,136,138,140,181,153,141,129,152],"product_tag":[],"class_list":{"0":"post-10852","1":"product","2":"type-product","3":"status-publish","4":"has-post-thumbnail","6":"product_cat-2-kw","7":"product_cat-80l","8":"product_cat-brend","9":"product_cat-c","10":"product_cat-electrolux","11":"product_cat-emajl","12":"product_cat-energetski-razred","13":"product_cat-horizontalno","14":"product_cat-levo","15":"product_cat-materijal-kazana","16":"product_cat-montiranje","17":"product_cat-nacin-ugradnje","18":"product_cat-prikljucak","19":"product_cat-snaga","20":"product_cat-vertikalno","21":"product_cat-zapremina-bojlera","22":"product_cat-zid","24":"first","25":"instock","26":"sale","27":"shipping-taxable","28":"purchasable","29":"product-type-simple"},"acf":[],"brands":[],"_links":{"self":[{"href":"https:\/\/bojler.mtecprojects.ch\/index.php?rest_route=\/wp\/v2\/product\/10852","targetHints":{"allow":["GET"]}}],"collection":[{"href":"https:\/\/bojler.mtecprojects.ch\/index.php?rest_route=\/wp\/v2\/product"}],"about":[{"href":"https:\/\/bojler.mtecprojects.ch\/index.php?rest_route=\/wp\/v2\/types\/product"}],"replies":[{"embeddable":true,"href":"https:\/\/bojler.mtecprojects.ch\/index.php?rest_route=%2Fwp%2Fv2%2Fcomments&post=10852"}],"wp:featuredmedia":[{"embeddable":true,"href":"https:\/\/bojler.mtecprojects.ch\/index.php?rest_route=\/wp\/v2\/media\/10936"}],"wp:attachment":[{"href":"https:\/\/bojler.mtecprojects.ch\/index.php?rest_route=%2Fwp%2Fv2%2Fmedia&parent=10852"}],"wp:term":[{"taxonomy":"pwb-brand","embeddable":true,"href":"https:\/\/bojler.mtecprojects.ch\/index.php?rest_route=%2Fwp%2Fv2%2Fpwb-brand&post=10852"},{"taxonomy":"product_brand","embeddable":true,"href":"https:\/\/bojler.mtecprojects.ch\/index.php?rest_route=%2Fwp%2Fv2%2Fproduct_brand&post=10852"},{"taxonomy":"product_cat","embeddable":true,"href":"https:\/\/bojler.mtecprojects.ch\/index.php?rest_route=%2Fwp%2Fv2%2Fproduct_cat&post=10852"},{"taxonomy":"product_tag","embeddable":true,"href":"https:\/\/bojler.mtecprojects.ch\/index.php?rest_route=%2Fwp%2Fv2%2Fproduct_tag&post=10852"}],"curies":[{"name":"wp","href":"https:\/\/api.w.org\/{rel}","templated":true}]}}