{"id":10851,"date":"2026-03-15T18:53:36","date_gmt":"2026-03-15T18:53:36","guid":{"rendered":"https:\/\/bojler.mtecprojects.ch\/?post_type=product&#038;p=10851"},"modified":"2026-03-15T18:54:29","modified_gmt":"2026-03-15T18:54:29","slug":"electrolux-ewh-80-azr-eec-2","status":"publish","type":"product","link":"https:\/\/bojler.mtecprojects.ch\/?product=electrolux-ewh-80-azr-eec-2","title":{"rendered":"Electrolux EWH 80 AZR EEC"},"content":{"rendered":"<h2>Dodatne informacije<\/h2>\n<table class=\"woocommerce-product-attributes shop_attributes\" aria-label=\"\u0414\u0435\u0442\u0430\u0459\u0438 \u043e \u043f\u0440\u043e\u0438\u0437\u0432\u043e\u0434\u0443\">\n<tbody>\n<tr class=\"woocommerce-product-attributes-item woocommerce-product-attributes-item--weight\">\n<th class=\"woocommerce-product-attributes-item__label\" scope=\"row\">Te\u017eina<\/th>\n<td class=\"woocommerce-product-attributes-item__value\">32,6 kg<\/td>\n<\/tr>\n<tr class=\"woocommerce-product-attributes-item woocommerce-product-attributes-item--dimensions\">\n<th class=\"woocommerce-product-attributes-item__label\" scope=\"row\">Dimenzije (Dubina\u00d7\u0160irina\u00d7Visina)<\/th>\n<td class=\"woocommerce-product-attributes-item__value\">33,3 \u00d7 55,5 \u00d7 92 cm<\/td>\n<\/tr>\n<tr class=\"woocommerce-product-attributes-item woocommerce-product-attributes-item--attribute_pa_proizvodjac\">\n<th class=\"woocommerce-product-attributes-item__label\" scope=\"row\">Proizvo\u0111a\u010d<\/th>\n<td class=\"woocommerce-product-attributes-item__value\">Electrolux<\/td>\n<\/tr>\n<tr class=\"woocommerce-product-attributes-item woocommerce-product-attributes-item--attribute_pa_uvoznik\">\n<th class=\"woocommerce-product-attributes-item__label\" scope=\"row\">Uvoznik<\/th>\n<td class=\"woocommerce-product-attributes-item__value\">220-B d.o.o.<\/td>\n<\/tr>\n<tr class=\"woocommerce-product-attributes-item woocommerce-product-attributes-item--attribute_pa_zemlja\">\n<th class=\"woocommerce-product-attributes-item__label\" scope=\"row\">Zemlja porekla<\/th>\n<td class=\"woocommerce-product-attributes-item__value\">\u0160vedska<\/td>\n<\/tr>\n<tr class=\"woocommerce-product-attributes-item woocommerce-product-attributes-item--attribute_pa_zapremina\">\n<th class=\"woocommerce-product-attributes-item__label\" scope=\"row\">Zapremina<\/th>\n<td class=\"woocommerce-product-attributes-item__value\">80L<\/td>\n<\/tr>\n<tr class=\"woocommerce-product-attributes-item woocommerce-product-attributes-item--attribute_pa_upotrebljiv-kapacitet-vode\">\n<th class=\"woocommerce-product-attributes-item__label\" scope=\"row\">Upotrebljiv kapacitet vode<\/th>\n<td class=\"woocommerce-product-attributes-item__value\">65L<\/td>\n<\/tr>\n<tr class=\"woocommerce-product-attributes-item woocommerce-product-attributes-item--attribute_pa_snaga\">\n<th class=\"woocommerce-product-attributes-item__label\" scope=\"row\">Snaga<\/th>\n<td class=\"woocommerce-product-attributes-item__value\">2 kW<\/td>\n<\/tr>\n<tr class=\"woocommerce-product-attributes-item woocommerce-product-attributes-item--attribute_pa_materijal\">\n<th class=\"woocommerce-product-attributes-item__label\" scope=\"row\">Materijal<\/th>\n<td class=\"woocommerce-product-attributes-item__value\">Emajl<\/td>\n<\/tr>\n<tr class=\"woocommerce-product-attributes-item woocommerce-product-attributes-item--attribute_pa_energetski-razred\">\n<th class=\"woocommerce-product-attributes-item__label\" scope=\"row\">Energetski razred<\/th>\n<td class=\"woocommerce-product-attributes-item__value\">B<\/td>\n<\/tr>\n<tr class=\"woocommerce-product-attributes-item woocommerce-product-attributes-item--attribute_pa_montiranje\">\n<th class=\"woocommerce-product-attributes-item__label\" scope=\"row\">Montiranje<\/th>\n<td class=\"woocommerce-product-attributes-item__value\">Zid<\/td>\n<\/tr>\n<tr class=\"woocommerce-product-attributes-item woocommerce-product-attributes-item--attribute_pa_nacin-ugradnje\">\n<th class=\"woocommerce-product-attributes-item__label\" scope=\"row\">Na\u010din ugradnje<\/th>\n<td class=\"woocommerce-product-attributes-item__value\">Vertikalno, Horizontalno<\/td>\n<\/tr>\n<tr class=\"woocommerce-product-attributes-item woocommerce-product-attributes-item--attribute_pa_boja\">\n<th class=\"woocommerce-product-attributes-item__label\" scope=\"row\">Boja<\/th>\n<td class=\"woocommerce-product-attributes-item__value\">Bela<\/td>\n<\/tr>\n<tr class=\"woocommerce-product-attributes-item woocommerce-product-attributes-item--attribute_pa_prikljucak\">\n<th class=\"woocommerce-product-attributes-item__label\" scope=\"row\">Priklju\u010dak<\/th>\n<td class=\"woocommerce-product-attributes-item__value\">Levo<\/td>\n<\/tr>\n<tr class=\"woocommerce-product-attributes-item woocommerce-product-attributes-item--attribute_pa_garancija\">\n<th class=\"woocommerce-product-attributes-item__label\" scope=\"row\">Garancija<\/th>\n<td class=\"woocommerce-product-attributes-item__value\">5 godina<\/td>\n<\/tr>\n<\/tbody>\n<\/table>\n","protected":false},"excerpt":{"rendered":"<ul>\n<li>Sistem \u201esuvih\u201c grejnih elemenata (TEN)<\/li>\n<li>Emajlirani kazan<\/li>\n<li><span class=\"ProductHygieneFactors-listItemKey\">Vreme zagrevanja vode od 10\u00b0\u0421 do 75\u00b0C: 148<\/span><span class=\"ProductHygieneFactors-listItemValue\">\u00a0min<\/span><\/li>\n<li class=\"product-specs__item\">Regulisanje temperature<strong>:<\/strong>\u00a0Da (mehani\u010dki regulator)<\/li>\n<li>Vrsta grejnog elementa: X-Heat \u2013 sistem \u201esuvih\u201c grejnih elemenata<\/li>\n<li>Ekonomi\u010dan re\u017eim rada ECO: za\u0161tita od kamenca i pove\u0107ani resurs grejnog elementa<\/li>\n<li>Vi\u0161estepeni sigurnosni sistem: za\u0161tita od pregrevanja, za\u0161tita od prekomernog hidrauli\u010dkog pritiska kroz sigurnosni odvodni ventil, ure\u0111aj za preostalu struju u slu\u010daju curenja elektri\u010dne energije<\/li>\n<li class=\"product-specs__item\">Maks. potro\u0161nja energije:\u00a02 kw<\/li>\n<li>Monta\u017ea je trenutno dostupna samo na teritoriji Beograda i uklju\u010duje demonta\u017eu starog bojlera.<br \/>\nDostava i brinoks creva nisu uklju\u010deni u cenu.<\/li>\n<\/ul>\n","protected":false},"featured_media":10933,"comment_status":"closed","ping_status":"closed","template":"","meta":{"_acf_changed":false,"content-type":""},"pwb-brand":[],"product_brand":[],"product_cat":[154,151,135,132,170,137,134,168,183,136,138,140,181,153,141,129,152],"product_tag":[],"class_list":{"0":"post-10851","1":"product","2":"type-product","3":"status-publish","4":"has-post-thumbnail","6":"product_cat-2-kw","7":"product_cat-80l","8":"product_cat-b","9":"product_cat-brend","10":"product_cat-electrolux","11":"product_cat-emajl","12":"product_cat-energetski-razred","13":"product_cat-horizontalno","14":"product_cat-levo","15":"product_cat-materijal-kazana","16":"product_cat-montiranje","17":"product_cat-nacin-ugradnje","18":"product_cat-prikljucak","19":"product_cat-snaga","20":"product_cat-vertikalno","21":"product_cat-zapremina-bojlera","22":"product_cat-zid","24":"first","25":"instock","26":"sale","27":"shipping-taxable","28":"purchasable","29":"product-type-simple"},"acf":[],"brands":[],"_links":{"self":[{"href":"https:\/\/bojler.mtecprojects.ch\/index.php?rest_route=\/wp\/v2\/product\/10851","targetHints":{"allow":["GET"]}}],"collection":[{"href":"https:\/\/bojler.mtecprojects.ch\/index.php?rest_route=\/wp\/v2\/product"}],"about":[{"href":"https:\/\/bojler.mtecprojects.ch\/index.php?rest_route=\/wp\/v2\/types\/product"}],"replies":[{"embeddable":true,"href":"https:\/\/bojler.mtecprojects.ch\/index.php?rest_route=%2Fwp%2Fv2%2Fcomments&post=10851"}],"wp:featuredmedia":[{"embeddable":true,"href":"https:\/\/bojler.mtecprojects.ch\/index.php?rest_route=\/wp\/v2\/media\/10933"}],"wp:attachment":[{"href":"https:\/\/bojler.mtecprojects.ch\/index.php?rest_route=%2Fwp%2Fv2%2Fmedia&parent=10851"}],"wp:term":[{"taxonomy":"pwb-brand","embeddable":true,"href":"https:\/\/bojler.mtecprojects.ch\/index.php?rest_route=%2Fwp%2Fv2%2Fpwb-brand&post=10851"},{"taxonomy":"product_brand","embeddable":true,"href":"https:\/\/bojler.mtecprojects.ch\/index.php?rest_route=%2Fwp%2Fv2%2Fproduct_brand&post=10851"},{"taxonomy":"product_cat","embeddable":true,"href":"https:\/\/bojler.mtecprojects.ch\/index.php?rest_route=%2Fwp%2Fv2%2Fproduct_cat&post=10851"},{"taxonomy":"product_tag","embeddable":true,"href":"https:\/\/bojler.mtecprojects.ch\/index.php?rest_route=%2Fwp%2Fv2%2Fproduct_tag&post=10851"}],"curies":[{"name":"wp","href":"https:\/\/api.w.org\/{rel}","templated":true}]}}