{"id":10762,"date":"2026-03-15T18:52:45","date_gmt":"2026-03-15T18:52:45","guid":{"rendered":"https:\/\/bojler.mtecprojects.ch\/?post_type=product&#038;p=10762"},"modified":"2026-03-15T18:53:18","modified_gmt":"2026-03-15T18:53:18","slug":"metalac-taurus-mb-pkl-50-r","status":"publish","type":"product","link":"https:\/\/bojler.mtecprojects.ch\/?product=metalac-taurus-mb-pkl-50-r","title":{"rendered":"Metalac Taurus MB PKL 50 R"},"content":{"rendered":"<table class=\"woocommerce-product-attributes shop_attributes\">\n<tbody>\n<tr class=\"woocommerce-product-attributes-item woocommerce-product-attributes-item--weight\">\n<th class=\"woocommerce-product-attributes-item__label\">Te\u017eina<\/th>\n<td class=\"woocommerce-product-attributes-item__value\">22,4 kg<\/td>\n<\/tr>\n<tr class=\"woocommerce-product-attributes-item woocommerce-product-attributes-item--dimensions\">\n<th class=\"woocommerce-product-attributes-item__label\">Dimenzije (Dubina\u00d7\u0160irina\u00d7Visina)<\/th>\n<td class=\"woocommerce-product-attributes-item__value\">48 \u00d7 45,4 \u00d7 60,5 cm<\/td>\n<\/tr>\n<tr class=\"woocommerce-product-attributes-item woocommerce-product-attributes-item--attribute_pa_proizvodjac\">\n<th class=\"woocommerce-product-attributes-item__label\">Proizvo\u0111a\u010d<\/th>\n<td class=\"woocommerce-product-attributes-item__value\">Metalac<\/td>\n<\/tr>\n<tr class=\"woocommerce-product-attributes-item woocommerce-product-attributes-item--attribute_pa_zemlja\">\n<th class=\"woocommerce-product-attributes-item__label\">Zemlja porekla<\/th>\n<td class=\"woocommerce-product-attributes-item__value\">Srbija<\/td>\n<\/tr>\n<tr class=\"woocommerce-product-attributes-item woocommerce-product-attributes-item--attribute_pa_zapremina\">\n<th class=\"woocommerce-product-attributes-item__label\">Zapremina<\/th>\n<td class=\"woocommerce-product-attributes-item__value\">50L<\/td>\n<\/tr>\n<tr class=\"woocommerce-product-attributes-item woocommerce-product-attributes-item--attribute_pa_prikljucak\">\n<th class=\"woocommerce-product-attributes-item__label\">Priklju\u010dak<\/th>\n<td class=\"woocommerce-product-attributes-item__value\">Levo<\/td>\n<\/tr>\n<tr class=\"woocommerce-product-attributes-item woocommerce-product-attributes-item--attribute_pa_snaga\">\n<th class=\"woocommerce-product-attributes-item__label\">Snaga<\/th>\n<td class=\"woocommerce-product-attributes-item__value\">2 kW<\/td>\n<\/tr>\n<tr class=\"woocommerce-product-attributes-item woocommerce-product-attributes-item--attribute_pa_energetski-razred\">\n<th class=\"woocommerce-product-attributes-item__label\">Energetski razred<\/th>\n<td class=\"woocommerce-product-attributes-item__value\">C<\/td>\n<\/tr>\n<tr class=\"woocommerce-product-attributes-item woocommerce-product-attributes-item--attribute_pa_materijal\">\n<th class=\"woocommerce-product-attributes-item__label\">Materijal<\/th>\n<td class=\"woocommerce-product-attributes-item__value\">Emajl<\/td>\n<\/tr>\n<tr class=\"woocommerce-product-attributes-item woocommerce-product-attributes-item--attribute_pa_montiranje\">\n<th class=\"woocommerce-product-attributes-item__label\">Montiranje<\/th>\n<td class=\"woocommerce-product-attributes-item__value\">Zid<\/td>\n<\/tr>\n<tr class=\"woocommerce-product-attributes-item woocommerce-product-attributes-item--attribute_pa_nacin-ugradnje\">\n<th class=\"woocommerce-product-attributes-item__label\">Na\u010din ugradnje<\/th>\n<td class=\"woocommerce-product-attributes-item__value\">Vertikalno<\/td>\n<\/tr>\n<tr class=\"woocommerce-product-attributes-item woocommerce-product-attributes-item--attribute_pa_boja\">\n<th class=\"woocommerce-product-attributes-item__label\">Boja<\/th>\n<td class=\"woocommerce-product-attributes-item__value\">Bela<\/td>\n<\/tr>\n<tr class=\"woocommerce-product-attributes-item woocommerce-product-attributes-item--attribute_pa_garancija\">\n<th class=\"woocommerce-product-attributes-item__label\">Garancija<\/th>\n<td class=\"woocommerce-product-attributes-item__value\">5 godina<\/td>\n<\/tr>\n<\/tbody>\n<\/table>\n","protected":false},"excerpt":{"rendered":"<p>Cena sadr\u017ei PDV i nema skrivenih tro\u0161kova.<br \/>\nPla\u0107anje na rate je mogu\u0107e samo u prodajnom salonu.<\/p>\n<p>Vreme dostave: 1-5 radnih dana<\/p>\n<div class=\"woocommerce-product-details__short-description\">\n<p>Kombinovani bojleri se izra\u0111uju u 2 varijante \u2013 za levu (oznaka PKL), odnosno desnu monta\u017eu (oznaka PKD), u zapreminama od 50, 80 i 120 litara.<\/p>\n<p>MB KOMBINOVANI bojleri imaju ugra\u0111en cevni izmenjiva\u010d toplote, koji omogu\u0107ava kombinovanje elektri\u010dnog i drugog izvora energije (konkretno sistema centralnog grejanja) za dobijanje tople vode. Naime, voda spolja\u0161njeg sistema prolazi kroz izmenjiva\u010d u obliku spirale, koji zagreva vodu u bojleru.<\/p>\n<p>U ovaj bojler ugra\u0111en je i elektri\u010dni greja\u010d koji je u funkciji kada se ne koristi izmenjiva\u010d toplote<\/p>\n<p>Kombinovani bojleri se izra\u0111uju u 2 varijante \u2013 za levu (oznaka PKL), odnosno desnu monta\u017eu (oznaka PKD), u zapreminama od 80 i 120 litara.<\/p>\n<h3>Karakteristike:<\/h3>\n<ul>\n<li>Ugra\u0111en izmenjiva\u010d toplote od \u010deli\u010dnih\/emajliranih cevi<\/li>\n<li>Univerzalni nosa\u010d \u00a0\/ raspon rupa od 125mm do 340mm<\/li>\n<li>Sigurnosni ventil<\/li>\n<li>Kazan: Emajlirani<\/li>\n<li>Radni pritisak: 0,6 Mpa (6 bari)<\/li>\n<li>Snaga izmenjiva\u010da (spirale): 5KW<\/li>\n<li>Vreme zagrevanja vode na 75\u02daC: 110 min<\/li>\n<li>Dostupni u varijantama sa unutra\u0161njom i spolja\u0161njom regulacijom<br \/>\ntemperature vode<\/li>\n<li>Mg anoda za za\u0161titu kazana od korozije<\/li>\n<li>Poliuretanska izolacija<\/li>\n<\/ul>\n<\/div>\n","protected":false},"featured_media":10822,"comment_status":"closed","ping_status":"closed","template":"","meta":{"_acf_changed":false,"content-type":""},"pwb-brand":[],"product_brand":[],"product_cat":[154,150,132,148,137,134,183,136,187,138,140,181,153,141,129,152],"product_tag":[],"class_list":{"0":"post-10762","1":"product","2":"type-product","3":"status-publish","4":"has-post-thumbnail","6":"product_cat-2-kw","7":"product_cat-50l","8":"product_cat-brend","9":"product_cat-c","10":"product_cat-emajl","11":"product_cat-energetski-razred","12":"product_cat-levo","13":"product_cat-materijal-kazana","14":"product_cat-metalac","15":"product_cat-montiranje","16":"product_cat-nacin-ugradnje","17":"product_cat-prikljucak","18":"product_cat-snaga","19":"product_cat-vertikalno","20":"product_cat-zapremina-bojlera","21":"product_cat-zid","23":"first","24":"instock","25":"sale","26":"shipping-taxable","27":"purchasable","28":"product-type-simple"},"acf":[],"brands":[],"_links":{"self":[{"href":"https:\/\/bojler.mtecprojects.ch\/index.php?rest_route=\/wp\/v2\/product\/10762","targetHints":{"allow":["GET"]}}],"collection":[{"href":"https:\/\/bojler.mtecprojects.ch\/index.php?rest_route=\/wp\/v2\/product"}],"about":[{"href":"https:\/\/bojler.mtecprojects.ch\/index.php?rest_route=\/wp\/v2\/types\/product"}],"replies":[{"embeddable":true,"href":"https:\/\/bojler.mtecprojects.ch\/index.php?rest_route=%2Fwp%2Fv2%2Fcomments&post=10762"}],"wp:featuredmedia":[{"embeddable":true,"href":"https:\/\/bojler.mtecprojects.ch\/index.php?rest_route=\/wp\/v2\/media\/10822"}],"wp:attachment":[{"href":"https:\/\/bojler.mtecprojects.ch\/index.php?rest_route=%2Fwp%2Fv2%2Fmedia&parent=10762"}],"wp:term":[{"taxonomy":"pwb-brand","embeddable":true,"href":"https:\/\/bojler.mtecprojects.ch\/index.php?rest_route=%2Fwp%2Fv2%2Fpwb-brand&post=10762"},{"taxonomy":"product_brand","embeddable":true,"href":"https:\/\/bojler.mtecprojects.ch\/index.php?rest_route=%2Fwp%2Fv2%2Fproduct_brand&post=10762"},{"taxonomy":"product_cat","embeddable":true,"href":"https:\/\/bojler.mtecprojects.ch\/index.php?rest_route=%2Fwp%2Fv2%2Fproduct_cat&post=10762"},{"taxonomy":"product_tag","embeddable":true,"href":"https:\/\/bojler.mtecprojects.ch\/index.php?rest_route=%2Fwp%2Fv2%2Fproduct_tag&post=10762"}],"curies":[{"name":"wp","href":"https:\/\/api.w.org\/{rel}","templated":true}]}}