{"id":10720,"date":"2026-03-15T18:52:21","date_gmt":"2026-03-15T18:52:21","guid":{"rendered":"https:\/\/bojler.mtecprojects.ch\/?post_type=product&#038;p=10720"},"modified":"2026-03-15T18:52:56","modified_gmt":"2026-03-15T18:52:56","slug":"termorad-bt-200-s-ib-8050-2i","status":"publish","type":"product","link":"https:\/\/bojler.mtecprojects.ch\/?product=termorad-bt-200-s-ib-8050-2i","title":{"rendered":"Termorad BT-200 S IB-80+50 2i"},"content":{"rendered":"<table class=\"woocommerce-product-attributes shop_attributes\">\n<tbody>\n<tr class=\"woocommerce-product-attributes-item woocommerce-product-attributes-item--weight\">\n<th class=\"woocommerce-product-attributes-item__label\">Te\u017eina<\/th>\n<td class=\"woocommerce-product-attributes-item__value\">81,5 kg<\/td>\n<\/tr>\n<tr class=\"woocommerce-product-attributes-item woocommerce-product-attributes-item--dimensions\">\n<th class=\"woocommerce-product-attributes-item__label\">Dimenzije (Dubina\u00d7\u0160irina\u00d7Visina)<\/th>\n<td class=\"woocommerce-product-attributes-item__value\">66 \u00d7 66 \u00d7 138 cm<\/td>\n<\/tr>\n<tr class=\"woocommerce-product-attributes-item woocommerce-product-attributes-item--attribute_pa_proizvodjac\">\n<th class=\"woocommerce-product-attributes-item__label\">Proizvo\u0111a\u010d<\/th>\n<td class=\"woocommerce-product-attributes-item__value\">\n<p>Termorad<\/p>\n<\/td>\n<\/tr>\n<tr class=\"woocommerce-product-attributes-item woocommerce-product-attributes-item--attribute_pa_zemlja\">\n<th class=\"woocommerce-product-attributes-item__label\">Zemlja porekla<\/th>\n<td class=\"woocommerce-product-attributes-item__value\">\n<p>Srbija<\/p>\n<\/td>\n<\/tr>\n<tr class=\"woocommerce-product-attributes-item woocommerce-product-attributes-item--attribute_pa_zapremina\">\n<th class=\"woocommerce-product-attributes-item__label\">Zapremina<\/th>\n<td class=\"woocommerce-product-attributes-item__value\">\n<p>200L<\/p>\n<\/td>\n<\/tr>\n<tr class=\"woocommerce-product-attributes-item woocommerce-product-attributes-item--attribute_pa_izmenjivaca\">\n<th class=\"woocommerce-product-attributes-item__label\">Izmenjiva\u010da<\/th>\n<td class=\"woocommerce-product-attributes-item__value\">\n<p>2 izmenjiva\u010da<\/p>\n<\/td>\n<\/tr>\n<tr class=\"woocommerce-product-attributes-item woocommerce-product-attributes-item--attribute_pa_snaga\">\n<th class=\"woocommerce-product-attributes-item__label\">Snaga<\/th>\n<td class=\"woocommerce-product-attributes-item__value\">\n<p>6 kW<\/p>\n<\/td>\n<\/tr>\n<tr class=\"woocommerce-product-attributes-item woocommerce-product-attributes-item--attribute_pa_materijal\">\n<th class=\"woocommerce-product-attributes-item__label\">Materijal<\/th>\n<td class=\"woocommerce-product-attributes-item__value\">\n<p>Prohrom (Inox)<\/p>\n<\/td>\n<\/tr>\n<tr class=\"woocommerce-product-attributes-item woocommerce-product-attributes-item--attribute_pa_montiranje\">\n<th class=\"woocommerce-product-attributes-item__label\">Montiranje<\/th>\n<td class=\"woocommerce-product-attributes-item__value\">\n<p>Pod<\/p>\n<\/td>\n<\/tr>\n<tr class=\"woocommerce-product-attributes-item woocommerce-product-attributes-item--attribute_pa_nacin-ugradnje\">\n<th class=\"woocommerce-product-attributes-item__label\">Na\u010din ugradnje<\/th>\n<td class=\"woocommerce-product-attributes-item__value\">\n<p>Stoje\u0107i<\/p>\n<\/td>\n<\/tr>\n<tr class=\"woocommerce-product-attributes-item woocommerce-product-attributes-item--attribute_pa_boja\">\n<th class=\"woocommerce-product-attributes-item__label\">Boja<\/th>\n<td class=\"woocommerce-product-attributes-item__value\">\n<p>Siva<\/p>\n<\/td>\n<\/tr>\n<tr class=\"woocommerce-product-attributes-item woocommerce-product-attributes-item--attribute_pa_garancija\">\n<th class=\"woocommerce-product-attributes-item__label\">Garancija<\/th>\n<td class=\"woocommerce-product-attributes-item__value\">\n<p>10 godina<\/p>\n<\/td>\n<\/tr>\n<\/tbody>\n<\/table>\n","protected":false},"excerpt":{"rendered":"<p>Cena sadr\u017ei PDV i nema skrivenih tro\u0161kova.<br \/>\nPla\u0107anje na rate je mogu\u0107e samo u prodajnom salonu.<\/p>\n<p>Vreme dostave: 1-10 radnih dana<\/p>\n<p>Bojleri zapremine od 200 \u2013 500 litara namenjeni su za ugradnju u ugostiteljskim, sportskim i drugim industrijskim objektima, kao i u doma\u0107instvima za centralno snabdevanje toplom vodom kada se u kratkom vremenskom intervalu aktivira vi\u0161e potro\u0161nih mesta tople vode.<\/p>\n","protected":false},"featured_media":10781,"comment_status":"closed","ping_status":"closed","template":"","meta":{"_acf_changed":false,"content-type":""},"pwb-brand":[],"product_brand":[],"product_cat":[197,175,132,136,138,140,195,180,153,196,185,129],"product_tag":[],"class_list":{"0":"post-10720","1":"product","2":"type-product","3":"status-publish","4":"has-post-thumbnail","6":"product_cat-200l","7":"product_cat-6-kw","8":"product_cat-brend","9":"product_cat-materijal-kazana","10":"product_cat-montiranje","11":"product_cat-nacin-ugradnje","12":"product_cat-pod","13":"product_cat-prohrom-inox","14":"product_cat-snaga","15":"product_cat-stojeci","16":"product_cat-termorad","17":"product_cat-zapremina-bojlera","19":"first","20":"instock","21":"sale","22":"shipping-taxable","23":"purchasable","24":"product-type-simple"},"acf":[],"brands":[],"_links":{"self":[{"href":"https:\/\/bojler.mtecprojects.ch\/index.php?rest_route=\/wp\/v2\/product\/10720","targetHints":{"allow":["GET"]}}],"collection":[{"href":"https:\/\/bojler.mtecprojects.ch\/index.php?rest_route=\/wp\/v2\/product"}],"about":[{"href":"https:\/\/bojler.mtecprojects.ch\/index.php?rest_route=\/wp\/v2\/types\/product"}],"replies":[{"embeddable":true,"href":"https:\/\/bojler.mtecprojects.ch\/index.php?rest_route=%2Fwp%2Fv2%2Fcomments&post=10720"}],"wp:featuredmedia":[{"embeddable":true,"href":"https:\/\/bojler.mtecprojects.ch\/index.php?rest_route=\/wp\/v2\/media\/10781"}],"wp:attachment":[{"href":"https:\/\/bojler.mtecprojects.ch\/index.php?rest_route=%2Fwp%2Fv2%2Fmedia&parent=10720"}],"wp:term":[{"taxonomy":"pwb-brand","embeddable":true,"href":"https:\/\/bojler.mtecprojects.ch\/index.php?rest_route=%2Fwp%2Fv2%2Fpwb-brand&post=10720"},{"taxonomy":"product_brand","embeddable":true,"href":"https:\/\/bojler.mtecprojects.ch\/index.php?rest_route=%2Fwp%2Fv2%2Fproduct_brand&post=10720"},{"taxonomy":"product_cat","embeddable":true,"href":"https:\/\/bojler.mtecprojects.ch\/index.php?rest_route=%2Fwp%2Fv2%2Fproduct_cat&post=10720"},{"taxonomy":"product_tag","embeddable":true,"href":"https:\/\/bojler.mtecprojects.ch\/index.php?rest_route=%2Fwp%2Fv2%2Fproduct_tag&post=10720"}],"curies":[{"name":"wp","href":"https:\/\/api.w.org\/{rel}","templated":true}]}}