{"id":10630,"date":"2026-03-15T18:51:43","date_gmt":"2026-03-15T18:51:43","guid":{"rendered":"https:\/\/bojler.mtecprojects.ch\/?post_type=product&#038;p=10630"},"modified":"2026-03-15T18:51:52","modified_gmt":"2026-03-15T18:51:52","slug":"elit-talas-eb200","status":"publish","type":"product","link":"https:\/\/bojler.mtecprojects.ch\/?product=elit-talas-eb200","title":{"rendered":"Elit Talas EB200"},"content":{"rendered":"<table class=\"woocommerce-product-attributes shop_attributes\">\n<tbody>\n<tr class=\"woocommerce-product-attributes-item woocommerce-product-attributes-item--weight\">\n<th class=\"woocommerce-product-attributes-item__label\">Te\u017eina<\/th>\n<td class=\"woocommerce-product-attributes-item__value\">49,9 kg<\/td>\n<\/tr>\n<tr class=\"woocommerce-product-attributes-item woocommerce-product-attributes-item--dimensions\">\n<th class=\"woocommerce-product-attributes-item__label\">Dimenzije (Dubina\u00d7\u0160irina\u00d7Visina)<\/th>\n<td class=\"woocommerce-product-attributes-item__value\">55 \u00d7 55 \u00d7 132 cm<\/td>\n<\/tr>\n<tr class=\"woocommerce-product-attributes-item woocommerce-product-attributes-item--attribute_pa_proizvodjac\">\n<th class=\"woocommerce-product-attributes-item__label\">Proizvo\u0111a\u010d<\/th>\n<td class=\"woocommerce-product-attributes-item__value\">\n<p>Elit<\/p>\n<\/td>\n<\/tr>\n<tr class=\"woocommerce-product-attributes-item woocommerce-product-attributes-item--attribute_pa_zemlja\">\n<th class=\"woocommerce-product-attributes-item__label\">Zemlja porekla<\/th>\n<td class=\"woocommerce-product-attributes-item__value\">\n<p>Srbija<\/p>\n<\/td>\n<\/tr>\n<tr class=\"woocommerce-product-attributes-item woocommerce-product-attributes-item--attribute_pa_zapremina\">\n<th class=\"woocommerce-product-attributes-item__label\">Zapremina<\/th>\n<td class=\"woocommerce-product-attributes-item__value\">\n<p>200L<\/p>\n<\/td>\n<\/tr>\n<tr class=\"woocommerce-product-attributes-item woocommerce-product-attributes-item--attribute_pa_snaga\">\n<th class=\"woocommerce-product-attributes-item__label\">Snaga<\/th>\n<td class=\"woocommerce-product-attributes-item__value\">\n<p>6 kW<\/p>\n<\/td>\n<\/tr>\n<tr class=\"woocommerce-product-attributes-item woocommerce-product-attributes-item--attribute_pa_materijal\">\n<th class=\"woocommerce-product-attributes-item__label\">Materijal<\/th>\n<td class=\"woocommerce-product-attributes-item__value\">\n<p>Prohrom (Inox)<\/p>\n<\/td>\n<\/tr>\n<tr class=\"woocommerce-product-attributes-item woocommerce-product-attributes-item--attribute_pa_montiranje\">\n<th class=\"woocommerce-product-attributes-item__label\">Montiranje<\/th>\n<td class=\"woocommerce-product-attributes-item__value\">\n<p>Pod<\/p>\n<\/td>\n<\/tr>\n<tr class=\"woocommerce-product-attributes-item woocommerce-product-attributes-item--attribute_pa_nacin-ugradnje\">\n<th class=\"woocommerce-product-attributes-item__label\">Na\u010din ugradnje<\/th>\n<td class=\"woocommerce-product-attributes-item__value\">\n<p>Stoje\u0107i<\/p>\n<\/td>\n<\/tr>\n<tr class=\"woocommerce-product-attributes-item woocommerce-product-attributes-item--attribute_pa_boja\">\n<th class=\"woocommerce-product-attributes-item__label\">Boja<\/th>\n<td class=\"woocommerce-product-attributes-item__value\">\n<p>Bela<\/p>\n<\/td>\n<\/tr>\n<tr class=\"woocommerce-product-attributes-item woocommerce-product-attributes-item--attribute_pa_garancija\">\n<th class=\"woocommerce-product-attributes-item__label\">Garancija<\/th>\n<td class=\"woocommerce-product-attributes-item__value\">\n<p>15 godina<\/p>\n<\/td>\n<\/tr>\n<\/tbody>\n<\/table>\n","protected":false},"excerpt":{"rendered":"<p>Cena sadr\u017ei PDV i nema skrivenih tro\u0161kova.<br \/>\nPla\u0107anje na rate je mogu\u0107e samo u prodajnom salonu.<\/p>\n<p>Vreme dostave: 1-15 radnih dana<\/p>\n<div class=\"woocommerce-product-details__short-description\">\n<ul>\n<li>Podni bojler TALAS EB\/KB\/KSB sa prohromskim kazanom odlikuje savremen dizajn, jednostavno rukovanje i vrhunska tehnologija. Proizvode se tri<br \/>\nmodela ovih bojlera:<\/p>\n<ul>\n<li><strong>Talas EB<\/strong> \u2013 voda se zagreva sa elektro greja\u010dem,<\/li>\n<li><strong>Talas KB<\/strong> \u2013 voda se zagreva sa elektro greja\u010dem i jednim izmenjiva\u010dem toplote i<\/li>\n<li><strong>Talas KSB<\/strong> \u2013 voda se zagreva sa elektro greja\u010dem i dva izmenjiva\u010da toplote.<\/li>\n<\/ul>\n<\/li>\n<li>Originalna konstrukcija kazana sa dovoljno velikim REVIZIONIM OTVOROM omogu\u0107ava efikasno periodi\u010dno \u010di\u0161\u0107enje kazana od kamenca i izbor pozicije priklju\u010daka za vodu i sisteme centralnog grejanja sa leve, odnosno desne strane.<\/li>\n<\/ul>\n<\/div>\n","protected":false},"featured_media":10647,"comment_status":"closed","ping_status":"closed","template":"","meta":{"_acf_changed":false,"content-type":""},"pwb-brand":[],"product_brand":[],"product_cat":[197,175,132,190,136,138,140,195,180,153,196,129],"product_tag":[],"class_list":{"0":"post-10630","1":"product","2":"type-product","3":"status-publish","4":"has-post-thumbnail","6":"product_cat-200l","7":"product_cat-6-kw","8":"product_cat-brend","9":"product_cat-elit-talas","10":"product_cat-materijal-kazana","11":"product_cat-montiranje","12":"product_cat-nacin-ugradnje","13":"product_cat-pod","14":"product_cat-prohrom-inox","15":"product_cat-snaga","16":"product_cat-stojeci","17":"product_cat-zapremina-bojlera","19":"first","20":"instock","21":"sale","22":"shipping-taxable","23":"purchasable","24":"product-type-simple"},"acf":[],"brands":[],"_links":{"self":[{"href":"https:\/\/bojler.mtecprojects.ch\/index.php?rest_route=\/wp\/v2\/product\/10630","targetHints":{"allow":["GET"]}}],"collection":[{"href":"https:\/\/bojler.mtecprojects.ch\/index.php?rest_route=\/wp\/v2\/product"}],"about":[{"href":"https:\/\/bojler.mtecprojects.ch\/index.php?rest_route=\/wp\/v2\/types\/product"}],"replies":[{"embeddable":true,"href":"https:\/\/bojler.mtecprojects.ch\/index.php?rest_route=%2Fwp%2Fv2%2Fcomments&post=10630"}],"wp:featuredmedia":[{"embeddable":true,"href":"https:\/\/bojler.mtecprojects.ch\/index.php?rest_route=\/wp\/v2\/media\/10647"}],"wp:attachment":[{"href":"https:\/\/bojler.mtecprojects.ch\/index.php?rest_route=%2Fwp%2Fv2%2Fmedia&parent=10630"}],"wp:term":[{"taxonomy":"pwb-brand","embeddable":true,"href":"https:\/\/bojler.mtecprojects.ch\/index.php?rest_route=%2Fwp%2Fv2%2Fpwb-brand&post=10630"},{"taxonomy":"product_brand","embeddable":true,"href":"https:\/\/bojler.mtecprojects.ch\/index.php?rest_route=%2Fwp%2Fv2%2Fproduct_brand&post=10630"},{"taxonomy":"product_cat","embeddable":true,"href":"https:\/\/bojler.mtecprojects.ch\/index.php?rest_route=%2Fwp%2Fv2%2Fproduct_cat&post=10630"},{"taxonomy":"product_tag","embeddable":true,"href":"https:\/\/bojler.mtecprojects.ch\/index.php?rest_route=%2Fwp%2Fv2%2Fproduct_tag&post=10630"}],"curies":[{"name":"wp","href":"https:\/\/api.w.org\/{rel}","templated":true}]}}