{"id":10395,"date":"2026-03-15T18:49:41","date_gmt":"2026-03-15T18:49:41","guid":{"rendered":"https:\/\/bojler.mtecprojects.ch\/?post_type=product&#038;p=10395"},"modified":"2026-03-15T18:49:50","modified_gmt":"2026-03-15T18:49:50","slug":"stiebel-eltron-phb-18","status":"publish","type":"product","link":"https:\/\/bojler.mtecprojects.ch\/?product=stiebel-eltron-phb-18","title":{"rendered":"Stiebel Eltron PHB 18"},"content":{"rendered":"<table class=\"woocommerce-product-attributes shop_attributes\">\n<tbody>\n<tr class=\"woocommerce-product-attributes-item woocommerce-product-attributes-item--weight\">\n<th class=\"woocommerce-product-attributes-item__label\">Te\u017eina<\/th>\n<td class=\"woocommerce-product-attributes-item__value\">3,6 kg<\/td>\n<\/tr>\n<tr class=\"woocommerce-product-attributes-item woocommerce-product-attributes-item--dimensions\">\n<th class=\"woocommerce-product-attributes-item__label\">Dimenzije (Dubina\u00d7\u0160irina\u00d7Visina)<\/th>\n<td class=\"woocommerce-product-attributes-item__value\">9,3 \u00d7 22,6 \u00d7 48,5 cm<\/td>\n<\/tr>\n<tr class=\"woocommerce-product-attributes-item woocommerce-product-attributes-item--attribute_pa_proizvodjac\">\n<th class=\"woocommerce-product-attributes-item__label\">Proizvo\u0111a\u010d<\/th>\n<td class=\"woocommerce-product-attributes-item__value\">\n<p>Stiebel Eltron<\/p>\n<\/td>\n<\/tr>\n<tr class=\"woocommerce-product-attributes-item woocommerce-product-attributes-item--attribute_pa_zemlja\">\n<th class=\"woocommerce-product-attributes-item__label\">Zemlja porekla<\/th>\n<td class=\"woocommerce-product-attributes-item__value\">\n<p>Nema\u010dka<\/p>\n<\/td>\n<\/tr>\n<tr class=\"woocommerce-product-attributes-item woocommerce-product-attributes-item--attribute_pa_uvoznik\">\n<th class=\"woocommerce-product-attributes-item__label\">Uvoznik<\/th>\n<td class=\"woocommerce-product-attributes-item__value\">\n<p>Teres M d.o.o.<\/p>\n<\/td>\n<\/tr>\n<tr class=\"woocommerce-product-attributes-item woocommerce-product-attributes-item--attribute_pa_snaga\">\n<th class=\"woocommerce-product-attributes-item__label\">Snaga<\/th>\n<td class=\"woocommerce-product-attributes-item__value\">\n<p>18 kW<\/p>\n<\/td>\n<\/tr>\n<tr class=\"woocommerce-product-attributes-item woocommerce-product-attributes-item--attribute_pa_energetski-razred\">\n<th class=\"woocommerce-product-attributes-item__label\">Energetski razred<\/th>\n<td class=\"woocommerce-product-attributes-item__value\">\n<p>A<\/p>\n<\/td>\n<\/tr>\n<tr class=\"woocommerce-product-attributes-item woocommerce-product-attributes-item--attribute_pa_montiranje\">\n<th class=\"woocommerce-product-attributes-item__label\">Montiranje<\/th>\n<td class=\"woocommerce-product-attributes-item__value\">\n<p>Niska monta\u017ea, Visoka monta\u017ea<\/p>\n<\/td>\n<\/tr>\n<tr class=\"woocommerce-product-attributes-item woocommerce-product-attributes-item--attribute_pa_nacin-ugradnje\">\n<th class=\"woocommerce-product-attributes-item__label\">Na\u010din ugradnje<\/th>\n<td class=\"woocommerce-product-attributes-item__value\">\n<p>Vertikalno<\/p>\n<\/td>\n<\/tr>\n<tr class=\"woocommerce-product-attributes-item woocommerce-product-attributes-item--attribute_pa_boja\">\n<th class=\"woocommerce-product-attributes-item__label\">Boja<\/th>\n<td class=\"woocommerce-product-attributes-item__value\">\n<p>Bela<\/p>\n<\/td>\n<\/tr>\n<tr class=\"woocommerce-product-attributes-item woocommerce-product-attributes-item--attribute_pa_garancija\">\n<th class=\"woocommerce-product-attributes-item__label\">Garancija<\/th>\n<td class=\"woocommerce-product-attributes-item__value\">\n<p>3 godine<\/p>\n<\/td>\n<\/tr>\n<\/tbody>\n<\/table>\n","protected":false},"excerpt":{"rendered":"<p>Cena sadr\u017ei PDV i nema skrivenih tro\u0161kova.<br \/>\nPla\u0107anje na rate je mogu\u0107e samo u prodajnom salonu.<\/p>\n<p>Vreme dostave: 1-3 radna dana<\/p>\n<div class=\"woocommerce-product-details__short-description\">\n<ul>\n<li>Proto\u010dni bojler sa hidrauli\u010dnim upravljanjem Stiebel PHB 18<\/li>\n<li>Temperatura tople vode se kontroli\u0161e hidrauli\u010dno prema protoku<\/li>\n<li>Dostupna su \u010detiri nivoa snage<\/li>\n<li>Kori\u0161\u0107enje sa mekom i tvrdom vodom<\/li>\n<li>Stepen za\u0161tite IP 25<\/li>\n<li>Mogu\u0107a niska i visoka monta\u017ea<\/li>\n<li>Na\u010din ugradnje: Vertikalno<\/li>\n<\/ul>\n<\/div>\n","protected":false},"featured_media":10410,"comment_status":"closed","ping_status":"closed","template":"","meta":{"_acf_changed":false,"content-type":""},"pwb-brand":[],"product_brand":[],"product_cat":[166,145,132,134,138,140,139,153,174,141,146],"product_tag":[],"class_list":{"0":"post-10395","1":"product","2":"type-product","3":"status-publish","4":"has-post-thumbnail","6":"product_cat-18-kw","7":"product_cat-a","8":"product_cat-brend","9":"product_cat-energetski-razred","10":"product_cat-montiranje","11":"product_cat-nacin-ugradnje","12":"product_cat-niska-montaza","13":"product_cat-snaga","14":"product_cat-stiebel-eltron","15":"product_cat-vertikalno","16":"product_cat-visoka-montaza","18":"first","19":"instock","20":"sale","21":"shipping-taxable","22":"purchasable","23":"product-type-simple"},"acf":[],"brands":[],"_links":{"self":[{"href":"https:\/\/bojler.mtecprojects.ch\/index.php?rest_route=\/wp\/v2\/product\/10395","targetHints":{"allow":["GET"]}}],"collection":[{"href":"https:\/\/bojler.mtecprojects.ch\/index.php?rest_route=\/wp\/v2\/product"}],"about":[{"href":"https:\/\/bojler.mtecprojects.ch\/index.php?rest_route=\/wp\/v2\/types\/product"}],"replies":[{"embeddable":true,"href":"https:\/\/bojler.mtecprojects.ch\/index.php?rest_route=%2Fwp%2Fv2%2Fcomments&post=10395"}],"wp:featuredmedia":[{"embeddable":true,"href":"https:\/\/bojler.mtecprojects.ch\/index.php?rest_route=\/wp\/v2\/media\/10410"}],"wp:attachment":[{"href":"https:\/\/bojler.mtecprojects.ch\/index.php?rest_route=%2Fwp%2Fv2%2Fmedia&parent=10395"}],"wp:term":[{"taxonomy":"pwb-brand","embeddable":true,"href":"https:\/\/bojler.mtecprojects.ch\/index.php?rest_route=%2Fwp%2Fv2%2Fpwb-brand&post=10395"},{"taxonomy":"product_brand","embeddable":true,"href":"https:\/\/bojler.mtecprojects.ch\/index.php?rest_route=%2Fwp%2Fv2%2Fproduct_brand&post=10395"},{"taxonomy":"product_cat","embeddable":true,"href":"https:\/\/bojler.mtecprojects.ch\/index.php?rest_route=%2Fwp%2Fv2%2Fproduct_cat&post=10395"},{"taxonomy":"product_tag","embeddable":true,"href":"https:\/\/bojler.mtecprojects.ch\/index.php?rest_route=%2Fwp%2Fv2%2Fproduct_tag&post=10395"}],"curies":[{"name":"wp","href":"https:\/\/api.w.org\/{rel}","templated":true}]}}