{"id":10282,"date":"2026-03-15T18:37:19","date_gmt":"2026-03-15T18:37:19","guid":{"rendered":"https:\/\/bojler.mtecprojects.ch\/?post_type=product&#038;p=10282"},"modified":"2026-03-15T18:49:00","modified_gmt":"2026-03-15T18:49:00","slug":"electrolux-ewh-80-mxm-wifi-eec","status":"publish","type":"product","link":"https:\/\/bojler.mtecprojects.ch\/?product=electrolux-ewh-80-mxm-wifi-eec","title":{"rendered":"Electrolux EWH 80 MXM WiFi EEC"},"content":{"rendered":"<table class=\"woocommerce-product-attributes shop_attributes\">\n<tbody>\n<tr class=\"woocommerce-product-attributes-item woocommerce-product-attributes-item--weight\">\n<th class=\"woocommerce-product-attributes-item__label\">Te\u017eina<\/th>\n<td class=\"woocommerce-product-attributes-item__value\">32,6 kg<\/td>\n<\/tr>\n<tr class=\"woocommerce-product-attributes-item woocommerce-product-attributes-item--dimensions\">\n<th class=\"woocommerce-product-attributes-item__label\">Dimenzije (Dubina\u00d7\u0160irina\u00d7Visina)<\/th>\n<td class=\"woocommerce-product-attributes-item__value\">35 \u00d7 60,5 \u00d7 86 cm<\/td>\n<\/tr>\n<tr class=\"woocommerce-product-attributes-item woocommerce-product-attributes-item--attribute_pa_proizvodjac\">\n<th class=\"woocommerce-product-attributes-item__label\">Proizvo\u0111a\u010d<\/th>\n<td class=\"woocommerce-product-attributes-item__value\">\n<p>Electrolux<\/p>\n<\/td>\n<\/tr>\n<tr class=\"woocommerce-product-attributes-item woocommerce-product-attributes-item--attribute_pa_uvoznik\">\n<th class=\"woocommerce-product-attributes-item__label\">Uvoznik<\/th>\n<td class=\"woocommerce-product-attributes-item__value\">\n<p>220-B d.o.o.<\/p>\n<\/td>\n<\/tr>\n<tr class=\"woocommerce-product-attributes-item woocommerce-product-attributes-item--attribute_pa_zemlja\">\n<th class=\"woocommerce-product-attributes-item__label\">Zemlja porekla<\/th>\n<td class=\"woocommerce-product-attributes-item__value\">\n<p>\u0160vedska<\/p>\n<\/td>\n<\/tr>\n<tr class=\"woocommerce-product-attributes-item woocommerce-product-attributes-item--attribute_pa_zapremina\">\n<th class=\"woocommerce-product-attributes-item__label\">Zapremina<\/th>\n<td class=\"woocommerce-product-attributes-item__value\">\n<p>80L<\/p>\n<\/td>\n<\/tr>\n<tr class=\"woocommerce-product-attributes-item woocommerce-product-attributes-item--attribute_pa_upotrebljiv-kapacitet-vode\">\n<th class=\"woocommerce-product-attributes-item__label\">Upotrebljiv kapacitet vode<\/th>\n<td class=\"woocommerce-product-attributes-item__value\">\n<p>65L<\/p>\n<\/td>\n<\/tr>\n<tr class=\"woocommerce-product-attributes-item woocommerce-product-attributes-item--attribute_pa_snaga\">\n<th class=\"woocommerce-product-attributes-item__label\">Snaga<\/th>\n<td class=\"woocommerce-product-attributes-item__value\">\n<p>2 kW<\/p>\n<\/td>\n<\/tr>\n<tr class=\"woocommerce-product-attributes-item woocommerce-product-attributes-item--attribute_pa_materijal\">\n<th class=\"woocommerce-product-attributes-item__label\">Materijal<\/th>\n<td class=\"woocommerce-product-attributes-item__value\">\n<p>Emajl<\/p>\n<\/td>\n<\/tr>\n<tr class=\"woocommerce-product-attributes-item woocommerce-product-attributes-item--attribute_pa_energetski-razred\">\n<th class=\"woocommerce-product-attributes-item__label\">Energetski razred<\/th>\n<td class=\"woocommerce-product-attributes-item__value\">\n<p>B<\/p>\n<\/td>\n<\/tr>\n<tr class=\"woocommerce-product-attributes-item woocommerce-product-attributes-item--attribute_pa_montiranje\">\n<th class=\"woocommerce-product-attributes-item__label\">Montiranje<\/th>\n<td class=\"woocommerce-product-attributes-item__value\">\n<p>Zid<\/p>\n<\/td>\n<\/tr>\n<tr class=\"woocommerce-product-attributes-item woocommerce-product-attributes-item--attribute_pa_nacin-ugradnje\">\n<th class=\"woocommerce-product-attributes-item__label\">Na\u010din ugradnje<\/th>\n<td class=\"woocommerce-product-attributes-item__value\">\n<p>Horizontalno, Vertikalno<\/p>\n<\/td>\n<\/tr>\n<tr class=\"woocommerce-product-attributes-item woocommerce-product-attributes-item--attribute_pa_boja\">\n<th class=\"woocommerce-product-attributes-item__label\">Boja<\/th>\n<td class=\"woocommerce-product-attributes-item__value\">\n<p>Bela<\/p>\n<\/td>\n<\/tr>\n<tr class=\"woocommerce-product-attributes-item woocommerce-product-attributes-item--attribute_pa_smart\">\n<th class=\"woocommerce-product-attributes-item__label\">Smart<\/th>\n<td class=\"woocommerce-product-attributes-item__value\">\n<p>Da<\/p>\n<\/td>\n<\/tr>\n<tr class=\"woocommerce-product-attributes-item woocommerce-product-attributes-item--attribute_pa_garancija\">\n<th class=\"woocommerce-product-attributes-item__label\">Garancija<\/th>\n<td class=\"woocommerce-product-attributes-item__value\">\n<p>5 godina<\/p>\n<\/td>\n<\/tr>\n<\/tbody>\n<\/table>\n","protected":false},"excerpt":{"rendered":"<p>Cena sadr\u017ei PDV i nema skrivenih tro\u0161kova.<br \/>\nPla\u0107anje na rate je mogu\u0107e samo u prodajnom salonu.<\/p>\n<p>Vreme dostave: 1-2 radna dana<\/p>\n<div class=\"woocommerce-product-details__short-description\">\n<ul>\n<li>Sistem \u201esuvih\u201c grejnih elemenata (TEN)<\/li>\n<li>Emajlirani kazan<\/li>\n<li class=\"product-specs__item\">Vreme zagrevanja vode od 10\u00b0\u0421 do 75\u00b0C<strong>:<\/strong> 180 min<\/li>\n<li>Ugra\u0111en WIFI, upravljanje putem mobilne aplikacije putem Wi-Fi-ja<\/li>\n<li class=\"product-specs__item\">Regulisanje temperature<strong>:<\/strong>&nbsp;Da (mehani\u010dki regulator)<\/li>\n<li class=\"product-specs__item\">Za\u0161tita od kamenca<strong>:<\/strong>&nbsp;Magnezijumska anoda<\/li>\n<li class=\"product-specs__item\">Vrsta priklju\u010denja<strong>:<\/strong>&nbsp;Bo\u010dno\/Donje<\/li>\n<li>Navoj odvodne cevi: 1\/2\u2033<\/li>\n<li>Navoj dovodne cevi: 1\/2\u2033<\/li>\n<li>Napajanje: 220 V\/50 Hz<\/li>\n<li class=\"product-specs__item\">Maks. potro\u0161nja energije<strong>:<\/strong>&nbsp;2 kw<\/li>\n<\/ul>\n<\/div>\n","protected":false},"featured_media":10328,"comment_status":"closed","ping_status":"closed","template":"","meta":{"_acf_changed":false,"content-type":""},"pwb-brand":[],"product_brand":[],"product_cat":[154,151,135,132,170,137,134,168,136,138,140,153,141,129,152],"product_tag":[],"class_list":{"0":"post-10282","1":"product","2":"type-product","3":"status-publish","4":"has-post-thumbnail","6":"product_cat-2-kw","7":"product_cat-80l","8":"product_cat-b","9":"product_cat-brend","10":"product_cat-electrolux","11":"product_cat-emajl","12":"product_cat-energetski-razred","13":"product_cat-horizontalno","14":"product_cat-materijal-kazana","15":"product_cat-montiranje","16":"product_cat-nacin-ugradnje","17":"product_cat-snaga","18":"product_cat-vertikalno","19":"product_cat-zapremina-bojlera","20":"product_cat-zid","22":"first","23":"instock","24":"sale","25":"shipping-taxable","26":"purchasable","27":"product-type-simple"},"acf":[],"brands":[],"_links":{"self":[{"href":"https:\/\/bojler.mtecprojects.ch\/index.php?rest_route=\/wp\/v2\/product\/10282","targetHints":{"allow":["GET"]}}],"collection":[{"href":"https:\/\/bojler.mtecprojects.ch\/index.php?rest_route=\/wp\/v2\/product"}],"about":[{"href":"https:\/\/bojler.mtecprojects.ch\/index.php?rest_route=\/wp\/v2\/types\/product"}],"replies":[{"embeddable":true,"href":"https:\/\/bojler.mtecprojects.ch\/index.php?rest_route=%2Fwp%2Fv2%2Fcomments&post=10282"}],"wp:featuredmedia":[{"embeddable":true,"href":"https:\/\/bojler.mtecprojects.ch\/index.php?rest_route=\/wp\/v2\/media\/10328"}],"wp:attachment":[{"href":"https:\/\/bojler.mtecprojects.ch\/index.php?rest_route=%2Fwp%2Fv2%2Fmedia&parent=10282"}],"wp:term":[{"taxonomy":"pwb-brand","embeddable":true,"href":"https:\/\/bojler.mtecprojects.ch\/index.php?rest_route=%2Fwp%2Fv2%2Fpwb-brand&post=10282"},{"taxonomy":"product_brand","embeddable":true,"href":"https:\/\/bojler.mtecprojects.ch\/index.php?rest_route=%2Fwp%2Fv2%2Fproduct_brand&post=10282"},{"taxonomy":"product_cat","embeddable":true,"href":"https:\/\/bojler.mtecprojects.ch\/index.php?rest_route=%2Fwp%2Fv2%2Fproduct_cat&post=10282"},{"taxonomy":"product_tag","embeddable":true,"href":"https:\/\/bojler.mtecprojects.ch\/index.php?rest_route=%2Fwp%2Fv2%2Fproduct_tag&post=10282"}],"curies":[{"name":"wp","href":"https:\/\/api.w.org\/{rel}","templated":true}]}}