{"id":10266,"date":"2026-03-15T18:37:17","date_gmt":"2026-03-15T18:37:17","guid":{"rendered":"https:\/\/bojler.mtecprojects.ch\/?post_type=product&#038;p=10266"},"modified":"2026-03-15T18:37:30","modified_gmt":"2026-03-15T18:37:30","slug":"tesy-bellislimo-gcr-80-27-22-e31-ec","status":"publish","type":"product","link":"https:\/\/bojler.mtecprojects.ch\/?product=tesy-bellislimo-gcr-80-27-22-e31-ec","title":{"rendered":"Tesy BelliSlimo GCR 80 27 22 E31 EC"},"content":{"rendered":"<table class=\"woocommerce-product-attributes shop_attributes\">\n<tbody>\n<tr class=\"woocommerce-product-attributes-item woocommerce-product-attributes-item--weight\">\n<th class=\"woocommerce-product-attributes-item__label\">Te\u017eina<\/th>\n<td class=\"woocommerce-product-attributes-item__value\">31,06 kg<\/td>\n<\/tr>\n<tr class=\"woocommerce-product-attributes-item woocommerce-product-attributes-item--dimensions\">\n<th class=\"woocommerce-product-attributes-item__label\">Dimenzije (Dubina\u00d7\u0160irina\u00d7Visina)<\/th>\n<td class=\"woocommerce-product-attributes-item__value\">28 \u00d7 49 \u00d7 105,7 cm<\/td>\n<\/tr>\n<tr class=\"woocommerce-product-attributes-item woocommerce-product-attributes-item--attribute_pa_proizvodjac\">\n<th class=\"woocommerce-product-attributes-item__label\">Proizvo\u0111a\u010d<\/th>\n<td class=\"woocommerce-product-attributes-item__value\">\n<p>Tesy<\/p>\n<\/td>\n<\/tr>\n<tr class=\"woocommerce-product-attributes-item woocommerce-product-attributes-item--attribute_pa_zemlja\">\n<th class=\"woocommerce-product-attributes-item__label\">Zemlja porekla<\/th>\n<td class=\"woocommerce-product-attributes-item__value\">\n<p>Bugarska<\/p>\n<\/td>\n<\/tr>\n<tr class=\"woocommerce-product-attributes-item woocommerce-product-attributes-item--attribute_pa_uvoznik\">\n<th class=\"woocommerce-product-attributes-item__label\">Uvoznik<\/th>\n<td class=\"woocommerce-product-attributes-item__value\">\n<p>Vodomarket d.o.o.<\/p>\n<\/td>\n<\/tr>\n<tr class=\"woocommerce-product-attributes-item woocommerce-product-attributes-item--attribute_pa_zapremina\">\n<th class=\"woocommerce-product-attributes-item__label\">Zapremina<\/th>\n<td class=\"woocommerce-product-attributes-item__value\">\n<p>80L<\/p>\n<\/td>\n<\/tr>\n<tr class=\"woocommerce-product-attributes-item woocommerce-product-attributes-item--attribute_pa_snaga\">\n<th class=\"woocommerce-product-attributes-item__label\">Snaga<\/th>\n<td class=\"woocommerce-product-attributes-item__value\">\n<p>2.2 kW<\/p>\n<\/td>\n<\/tr>\n<tr class=\"woocommerce-product-attributes-item woocommerce-product-attributes-item--attribute_pa_materijal\">\n<th class=\"woocommerce-product-attributes-item__label\">Materijal<\/th>\n<td class=\"woocommerce-product-attributes-item__value\">\n<p>Emajl<\/p>\n<\/td>\n<\/tr>\n<tr class=\"woocommerce-product-attributes-item woocommerce-product-attributes-item--attribute_pa_energetski-razred\">\n<th class=\"woocommerce-product-attributes-item__label\">Energetski razred<\/th>\n<td class=\"woocommerce-product-attributes-item__value\">\n<p>B<\/p>\n<\/td>\n<\/tr>\n<tr class=\"woocommerce-product-attributes-item woocommerce-product-attributes-item--attribute_pa_montiranje\">\n<th class=\"woocommerce-product-attributes-item__label\">Montiranje<\/th>\n<td class=\"woocommerce-product-attributes-item__value\">\n<p>Zid<\/p>\n<\/td>\n<\/tr>\n<tr class=\"woocommerce-product-attributes-item woocommerce-product-attributes-item--attribute_pa_nacin-ugradnje\">\n<th class=\"woocommerce-product-attributes-item__label\">Na\u010din ugradnje<\/th>\n<td class=\"woocommerce-product-attributes-item__value\">\n<p>Horizontalno, Vertikalno<\/p>\n<\/td>\n<\/tr>\n<tr class=\"woocommerce-product-attributes-item woocommerce-product-attributes-item--attribute_pa_boja\">\n<th class=\"woocommerce-product-attributes-item__label\">Boja<\/th>\n<td class=\"woocommerce-product-attributes-item__value\">\n<p>Bela<\/p>\n<\/td>\n<\/tr>\n<tr class=\"woocommerce-product-attributes-item woocommerce-product-attributes-item--attribute_pa_garancija\">\n<th class=\"woocommerce-product-attributes-item__label\">Garancija<\/th>\n<td class=\"woocommerce-product-attributes-item__value\">\n<p>5 godina<\/p>\n<\/td>\n<\/tr>\n<\/tbody>\n<\/table>\n","protected":false},"excerpt":{"rendered":"<p>Cena sadr\u017ei PDV i nema skrivenih tro\u0161kova.<br \/>\nPla\u0107anje na rate je mogu\u0107e samo u prodajnom salonu.<\/p>\n<p>Vreme dostave: 1-30 radnih dana<\/p>\n<div class=\"woocommerce-product-details__short-description\">\n<ul>\n<li>Bakarni greja\u010d<\/li>\n<li>Rad na komandu funkcija: BelliSlimo razmi\u0161lja umesto vas i sam izra\u010dunava vreme kada vam je potrebna topla voda umesto vas da bi je zagrejao na vreme.<\/li>\n<li>Energetska efikasnost: u najvi\u0161oj mogu\u0107oj energetskoj klasi b<\/li>\n<li>Multipozicioniranje: mo\u017ee biti montiran vertikalno ili horizontalno<\/li>\n<li>Eco smart re\u017eim: samo-obuka i samo-upravljanje<\/li>\n<li>Dva kazana: dva kazana za skladi\u0161tenje vode i dva greja\u010da<\/li>\n<li>Brzo prvo tu\u0161iranje<\/li>\n<li>Re\u017eim godi\u0161nji odmor<\/li>\n<li>Poja\u010dana funkcija<\/li>\n<li>Displej koji se okre\u0107e: Odbrojava dok elektri\u010dni bojler postigne \u017eeljenu temperaturu<\/li>\n<\/ul>\n<\/div>\n","protected":false},"featured_media":10300,"comment_status":"closed","ping_status":"closed","template":"","meta":{"_acf_changed":false,"content-type":""},"pwb-brand":[],"product_brand":[],"product_cat":[167,151,135,132,137,134,168,136,138,140,153,169,141,129,152],"product_tag":[],"class_list":{"0":"post-10266","1":"product","2":"type-product","3":"status-publish","4":"has-post-thumbnail","6":"product_cat-2-2-kw","7":"product_cat-80l","8":"product_cat-b","9":"product_cat-brend","10":"product_cat-emajl","11":"product_cat-energetski-razred","12":"product_cat-horizontalno","13":"product_cat-materijal-kazana","14":"product_cat-montiranje","15":"product_cat-nacin-ugradnje","16":"product_cat-snaga","17":"product_cat-tesy","18":"product_cat-vertikalno","19":"product_cat-zapremina-bojlera","20":"product_cat-zid","22":"first","23":"instock","24":"sale","25":"shipping-taxable","26":"purchasable","27":"product-type-simple"},"acf":[],"brands":[],"_links":{"self":[{"href":"https:\/\/bojler.mtecprojects.ch\/index.php?rest_route=\/wp\/v2\/product\/10266","targetHints":{"allow":["GET"]}}],"collection":[{"href":"https:\/\/bojler.mtecprojects.ch\/index.php?rest_route=\/wp\/v2\/product"}],"about":[{"href":"https:\/\/bojler.mtecprojects.ch\/index.php?rest_route=\/wp\/v2\/types\/product"}],"replies":[{"embeddable":true,"href":"https:\/\/bojler.mtecprojects.ch\/index.php?rest_route=%2Fwp%2Fv2%2Fcomments&post=10266"}],"wp:featuredmedia":[{"embeddable":true,"href":"https:\/\/bojler.mtecprojects.ch\/index.php?rest_route=\/wp\/v2\/media\/10300"}],"wp:attachment":[{"href":"https:\/\/bojler.mtecprojects.ch\/index.php?rest_route=%2Fwp%2Fv2%2Fmedia&parent=10266"}],"wp:term":[{"taxonomy":"pwb-brand","embeddable":true,"href":"https:\/\/bojler.mtecprojects.ch\/index.php?rest_route=%2Fwp%2Fv2%2Fpwb-brand&post=10266"},{"taxonomy":"product_brand","embeddable":true,"href":"https:\/\/bojler.mtecprojects.ch\/index.php?rest_route=%2Fwp%2Fv2%2Fproduct_brand&post=10266"},{"taxonomy":"product_cat","embeddable":true,"href":"https:\/\/bojler.mtecprojects.ch\/index.php?rest_route=%2Fwp%2Fv2%2Fproduct_cat&post=10266"},{"taxonomy":"product_tag","embeddable":true,"href":"https:\/\/bojler.mtecprojects.ch\/index.php?rest_route=%2Fwp%2Fv2%2Fproduct_tag&post=10266"}],"curies":[{"name":"wp","href":"https:\/\/api.w.org\/{rel}","templated":true}]}}