{"id":10265,"date":"2026-03-15T18:37:17","date_gmt":"2026-03-15T18:37:17","guid":{"rendered":"https:\/\/bojler.mtecprojects.ch\/?post_type=product&#038;p=10265"},"modified":"2026-03-15T18:37:28","modified_gmt":"2026-03-15T18:37:28","slug":"clage-dex-next","status":"publish","type":"product","link":"https:\/\/bojler.mtecprojects.ch\/?product=clage-dex-next","title":{"rendered":"Clage DEX Next"},"content":{"rendered":"<table class=\"woocommerce-product-attributes shop_attributes\">\n<tbody>\n<tr class=\"woocommerce-product-attributes-item woocommerce-product-attributes-item--weight\">\n<th class=\"woocommerce-product-attributes-item__label\">Te\u017eina<\/th>\n<td class=\"woocommerce-product-attributes-item__value\">4,2 kg<\/td>\n<\/tr>\n<tr class=\"woocommerce-product-attributes-item woocommerce-product-attributes-item--dimensions\">\n<th class=\"woocommerce-product-attributes-item__label\">Dimenzije (Dubina\u00d7\u0160irina\u00d7Visina)<\/th>\n<td class=\"woocommerce-product-attributes-item__value\">9,6 \u00d7 23,9 \u00d7 46,8 cm<\/td>\n<\/tr>\n<tr class=\"woocommerce-product-attributes-item woocommerce-product-attributes-item--attribute_pa_proizvodjac\">\n<th class=\"woocommerce-product-attributes-item__label\">Proizvo\u0111a\u010d<\/th>\n<td class=\"woocommerce-product-attributes-item__value\">\n<p>Clage<\/p>\n<\/td>\n<\/tr>\n<tr class=\"woocommerce-product-attributes-item woocommerce-product-attributes-item--attribute_pa_uvoznik\">\n<th class=\"woocommerce-product-attributes-item__label\">Uvoznik<\/th>\n<td class=\"woocommerce-product-attributes-item__value\">\n<p>Nantes d.o.o.<\/p>\n<\/td>\n<\/tr>\n<tr class=\"woocommerce-product-attributes-item woocommerce-product-attributes-item--attribute_pa_zemlja\">\n<th class=\"woocommerce-product-attributes-item__label\">Zemlja porekla<\/th>\n<td class=\"woocommerce-product-attributes-item__value\">\n<p>Nema\u010dka<\/p>\n<\/td>\n<\/tr>\n<tr class=\"woocommerce-product-attributes-item woocommerce-product-attributes-item--attribute_pa_snaga\">\n<th class=\"woocommerce-product-attributes-item__label\">Snaga<\/th>\n<td class=\"woocommerce-product-attributes-item__value\">\n<p>18 kW, 21 kW, 24 kW, 27 kW<\/p>\n<\/td>\n<\/tr>\n<tr class=\"woocommerce-product-attributes-item woocommerce-product-attributes-item--attribute_pa_energetski-razred\">\n<th class=\"woocommerce-product-attributes-item__label\">Energetski razred<\/th>\n<td class=\"woocommerce-product-attributes-item__value\">\n<p>A<\/p>\n<\/td>\n<\/tr>\n<tr class=\"woocommerce-product-attributes-item woocommerce-product-attributes-item--attribute_pa_montiranje\">\n<th class=\"woocommerce-product-attributes-item__label\">Montiranje<\/th>\n<td class=\"woocommerce-product-attributes-item__value\">\n<p>Niska monta\u017ea, Visoka monta\u017ea<\/p>\n<\/td>\n<\/tr>\n<tr class=\"woocommerce-product-attributes-item woocommerce-product-attributes-item--attribute_pa_nacin-ugradnje\">\n<th class=\"woocommerce-product-attributes-item__label\">Na\u010din ugradnje<\/th>\n<td class=\"woocommerce-product-attributes-item__value\">\n<p>Vertikalno<\/p>\n<\/td>\n<\/tr>\n<tr class=\"woocommerce-product-attributes-item woocommerce-product-attributes-item--attribute_pa_boja\">\n<th class=\"woocommerce-product-attributes-item__label\">Boja<\/th>\n<td class=\"woocommerce-product-attributes-item__value\">\n<p>Bela<\/p>\n<\/td>\n<\/tr>\n<tr class=\"woocommerce-product-attributes-item woocommerce-product-attributes-item--attribute_pa_garancija\">\n<th class=\"woocommerce-product-attributes-item__label\">Garancija<\/th>\n<td class=\"woocommerce-product-attributes-item__value\">\n<p>3 godine<\/p>\n<\/td>\n<\/tr>\n<\/tbody>\n<\/table>\n","protected":false},"excerpt":{"rendered":"<p>Cena sadr\u017ei PDV i nema skrivenih tro\u0161kova.<br \/>\nPla\u0107anje na rate je mogu\u0107e samo u prodajnom salonu.<\/p>\n<p>Vreme dostave: 1-2 radna dana<\/p>\n<div class=\"woocommerce-product-details__short-description\">\n<p>Udoban, ekonomi\u010dan i pouzdan bojler. Izuzetan izgled sa <strong>staklenim ekranom<\/strong> ispod kojeg se nalazi displej sa e-ink tehnologijom.<\/p>\n<ul>\n<li><strong>MPS<\/strong> \u2013 Multiple Power System \u2013 automatski kontrolisana regulacija potro\u0161nje od 18kW-27kW<\/li>\n<li><strong>TTC<\/strong> \u2013 Twin Temperature Control \u2013 omogu\u0107ava precizno pode\u0161avanje temperature od 20\u00b0C \u2013 60\u00b0C<\/li>\n<li>Izme\u0111u komforne zone (35\u00b0C \u2013 40\u00b0C) pode\u0161avanje temperature je sa <strong>0,5\u00b0C preciznosti<\/strong><\/li>\n<li>Sigurnosni sistem isklju\u010divanja u slu\u010daju detektovanja gre\u0161aka u pritisku i nestanka dovoda vode<\/li>\n<li>Mogu\u0107nost dodavanja daljinske kontrole<\/li>\n<li>\n<div class=\"gmail_default\">Protok na kome se grejanje vode aktivira (1.5 L\/min)<\/div>\n<\/li>\n<li>\n<div class=\"gmail_default\">Protok vode (8L\/min)<\/div>\n<\/li>\n<li>\n<div class=\"gmail_default\">Maksimalni radni pritisak 1MPA (10BAR)<\/div>\n<\/li>\n<li>\n<div class=\"gmail_default\">Nominalni napon 400 V<\/div>\n<\/li>\n<li>\n<div class=\"gmail_default\">Klasa zastite IP25<\/div>\n<\/li>\n<li>\n<div class=\"gmail_default\">Snaga podesiva prema tehnickim mogucnostima<\/div>\n<\/li>\n<li>\n<div class=\"gmail_default\">Zemlja porekla Nemacka<\/div>\n<\/li>\n<\/ul>\n<\/div>\n","protected":false},"featured_media":10297,"comment_status":"closed","ping_status":"closed","template":"","meta":{"_acf_changed":false,"content-type":""},"pwb-brand":[],"product_brand":[],"product_cat":[166,161,163,162,145,132,165,134,138,140,139,159,142,153,141,146,143],"product_tag":[],"class_list":{"0":"post-10265","1":"product","2":"type-product","3":"status-publish","4":"has-post-thumbnail","6":"product_cat-18-kw","7":"product_cat-21-kw","8":"product_cat-24-kw","9":"product_cat-27-kw","10":"product_cat-a","11":"product_cat-brend","12":"product_cat-clage","13":"product_cat-energetski-razred","14":"product_cat-montiranje","15":"product_cat-nacin-ugradnje","16":"product_cat-niska-montaza","17":"product_cat-niskopritisni","18":"product_cat-princip-rada","19":"product_cat-snaga","20":"product_cat-vertikalno","21":"product_cat-visoka-montaza","22":"product_cat-visokopritisni","24":"first","25":"instock","26":"sale","27":"shipping-taxable","28":"purchasable","29":"product-type-simple"},"acf":[],"brands":[],"_links":{"self":[{"href":"https:\/\/bojler.mtecprojects.ch\/index.php?rest_route=\/wp\/v2\/product\/10265","targetHints":{"allow":["GET"]}}],"collection":[{"href":"https:\/\/bojler.mtecprojects.ch\/index.php?rest_route=\/wp\/v2\/product"}],"about":[{"href":"https:\/\/bojler.mtecprojects.ch\/index.php?rest_route=\/wp\/v2\/types\/product"}],"replies":[{"embeddable":true,"href":"https:\/\/bojler.mtecprojects.ch\/index.php?rest_route=%2Fwp%2Fv2%2Fcomments&post=10265"}],"wp:featuredmedia":[{"embeddable":true,"href":"https:\/\/bojler.mtecprojects.ch\/index.php?rest_route=\/wp\/v2\/media\/10297"}],"wp:attachment":[{"href":"https:\/\/bojler.mtecprojects.ch\/index.php?rest_route=%2Fwp%2Fv2%2Fmedia&parent=10265"}],"wp:term":[{"taxonomy":"pwb-brand","embeddable":true,"href":"https:\/\/bojler.mtecprojects.ch\/index.php?rest_route=%2Fwp%2Fv2%2Fpwb-brand&post=10265"},{"taxonomy":"product_brand","embeddable":true,"href":"https:\/\/bojler.mtecprojects.ch\/index.php?rest_route=%2Fwp%2Fv2%2Fproduct_brand&post=10265"},{"taxonomy":"product_cat","embeddable":true,"href":"https:\/\/bojler.mtecprojects.ch\/index.php?rest_route=%2Fwp%2Fv2%2Fproduct_cat&post=10265"},{"taxonomy":"product_tag","embeddable":true,"href":"https:\/\/bojler.mtecprojects.ch\/index.php?rest_route=%2Fwp%2Fv2%2Fproduct_tag&post=10265"}],"curies":[{"name":"wp","href":"https:\/\/api.w.org\/{rel}","templated":true}]}}