{"id":10185,"date":"2026-03-14T13:38:09","date_gmt":"2026-03-14T13:38:09","guid":{"rendered":"https:\/\/bojler.mtecprojects.ch\/?post_type=product&#038;p=10185"},"modified":"2026-03-14T13:55:17","modified_gmt":"2026-03-14T13:55:17","slug":"bosch-tr7001-21-24-27-desob","status":"publish","type":"product","link":"https:\/\/bojler.mtecprojects.ch\/?product=bosch-tr7001-21-24-27-desob","title":{"rendered":"Bosch TR7001 21\/24\/27 DESOB"},"content":{"rendered":"<table class=\"woocommerce-product-attributes shop_attributes\">\n<tbody>\n<tr class=\"woocommerce-product-attributes-item woocommerce-product-attributes-item--weight\">\n<th class=\"woocommerce-product-attributes-item__label\">Te\u017eina<\/th>\n<td class=\"woocommerce-product-attributes-item__value\">3,42 kg<\/td>\n<\/tr>\n<tr class=\"woocommerce-product-attributes-item woocommerce-product-attributes-item--dimensions\">\n<th class=\"woocommerce-product-attributes-item__label\">Dimenzije (Dubina\u00d7\u0160irina\u00d7Visina)<\/th>\n<td class=\"woocommerce-product-attributes-item__value\">10,6 \u00d7 23,6 \u00d7 48,4 cm<\/td>\n<\/tr>\n<tr class=\"woocommerce-product-attributes-item woocommerce-product-attributes-item--attribute_pa_proizvodjac\">\n<th class=\"woocommerce-product-attributes-item__label\">Proizvo\u0111a\u010d<\/th>\n<td class=\"woocommerce-product-attributes-item__value\">\n<p>Bosch<\/p>\n<\/td>\n<\/tr>\n<tr class=\"woocommerce-product-attributes-item woocommerce-product-attributes-item--attribute_pa_snaga\">\n<th class=\"woocommerce-product-attributes-item__label\">Snaga<\/th>\n<td class=\"woocommerce-product-attributes-item__value\">\n<p>27 kW<\/p>\n<\/td>\n<\/tr>\n<tr class=\"woocommerce-product-attributes-item woocommerce-product-attributes-item--attribute_pa_energetski-razred\">\n<th class=\"woocommerce-product-attributes-item__label\">Energetski razred<\/th>\n<td class=\"woocommerce-product-attributes-item__value\">\n<p>A<\/p>\n<\/td>\n<\/tr>\n<tr class=\"woocommerce-product-attributes-item woocommerce-product-attributes-item--attribute_pa_nacin-ugradnje\">\n<th class=\"woocommerce-product-attributes-item__label\">Na\u010din ugradnje<\/th>\n<td class=\"woocommerce-product-attributes-item__value\">\n<p>Vertikalno<\/p>\n<\/td>\n<\/tr>\n<tr class=\"woocommerce-product-attributes-item woocommerce-product-attributes-item--attribute_pa_montiranje\">\n<th class=\"woocommerce-product-attributes-item__label\">Montiranje<\/th>\n<td class=\"woocommerce-product-attributes-item__value\">\n<p>Zid<\/p>\n<\/td>\n<\/tr>\n<tr class=\"woocommerce-product-attributes-item woocommerce-product-attributes-item--attribute_pa_boja\">\n<th class=\"woocommerce-product-attributes-item__label\">Boja<\/th>\n<td class=\"woocommerce-product-attributes-item__value\">\n<p>Bela<\/p>\n<\/td>\n<\/tr>\n<tr class=\"woocommerce-product-attributes-item woocommerce-product-attributes-item--attribute_pa_garancija\">\n<th class=\"woocommerce-product-attributes-item__label\">Garancija<\/th>\n<td class=\"woocommerce-product-attributes-item__value\">\n<p>2 godine<\/p>\n<\/td>\n<\/tr>\n<\/tbody>\n<\/table>\n","protected":false},"excerpt":{"rendered":"<p>Cena sadr\u017ei PDV i nema skrivenih tro\u0161kova.<br \/>\nPla\u0107anje na rate je mogu\u0107e samo u prodajnom salonu.<\/p>\n<p>Vreme dostave: 1-2 radna dana<\/p>\n<p>Elektri\u010dni proto\u010dni bojler za kuhinju, kupatilo, tu\u0161 i lavabo<\/p>\n<p>-Visokokvalitetan dizajn i kompaktna konstrukcija od samo 11 cm<br \/>\n-Digitalni displej sa raznim funkcijama i 4 tastera osetljiva na dodir za izbor razli\u010ditih na\u010dina rada (ru\u010dno pranje, tu\u0161iranje, kupanje i ispiranje)<br \/>\n-Spreman za Wi-Fi povezivanje: bojler za toplu vodu se mo\u017ee povezati sa Bosch HomeCom Easy aplikacijom preko dodatnog adaptera (dostupan kao dodatna oprema)<br \/>\n-Jednostavna instalacija i idealno re\u0161enje za zamenu sa Clickfix plus \u00ae, prozirna zadnja strana ure\u0111aja Tronic 7000 olak\u0161ava zamenu starih bojlera za toplu vodu, \u010dak i drugih proizvo\u0111a\u010da<br \/>\n-Solarni kompatibilni bojler za toplu vodu, lako mo\u017eete koristiti predzagrejanu vodu iz va\u0161eg solarnog sistema, smanjuju\u0107i svoje tro\u0161kove pomo\u0107u obnovljive energije<br \/>\nTehni\u010dke karakteristike:<\/p>\n<p>-Klasa energetske efikasnosti grejanja vode: A<br \/>\n-Spektar klase energetske efikasnosti: A+ -> F<br \/>\n-Energetska efikasnost grejanja vode: 39%<br \/>\n-Godi\u0161nja potro\u0161nja elektri\u010dne energije: 476 kWh<br \/>\n-Nivo unutra\u0161nje zvu\u010dne snage: 15 dB (A)<br \/>\n-Snaga: 21\/24\/27 kW<br \/>\n-Elektri\u010dni priklju\u010dak: 400 V<br \/>\n-Osigura\u010d: 32\/40\/40 A<br \/>\n-Maksimalna ulazna temperatura: 55 stepeni C<br \/>\n-Klasa za\u0161tite : IP25<br \/>\n-Proto\u010dni pritisak uklju\u010divanja : 0,4 bara<br \/>\n-Koli\u010dina vode za pokretanje: 2,5 l\/min<br \/>\n-Maksimalni radni pritisak: 10 bara<br \/>\n-Maksimalni protok: 10 l\/min<br \/>\n-Klasa za\u0161tite: I<\/p>\n","protected":false},"featured_media":10224,"comment_status":"closed","ping_status":"closed","template":"","meta":{"_acf_changed":false,"content-type":""},"pwb-brand":[],"product_brand":[],"product_cat":[163,145,157,132,134,140,153,141],"product_tag":[],"class_list":{"0":"post-10185","1":"product","2":"type-product","3":"status-publish","4":"has-post-thumbnail","6":"product_cat-24-kw","7":"product_cat-a","8":"product_cat-bosch","9":"product_cat-brend","10":"product_cat-energetski-razred","11":"product_cat-nacin-ugradnje","12":"product_cat-snaga","13":"product_cat-vertikalno","15":"first","16":"instock","17":"sale","18":"shipping-taxable","19":"purchasable","20":"product-type-simple"},"acf":[],"brands":[],"_links":{"self":[{"href":"https:\/\/bojler.mtecprojects.ch\/index.php?rest_route=\/wp\/v2\/product\/10185","targetHints":{"allow":["GET"]}}],"collection":[{"href":"https:\/\/bojler.mtecprojects.ch\/index.php?rest_route=\/wp\/v2\/product"}],"about":[{"href":"https:\/\/bojler.mtecprojects.ch\/index.php?rest_route=\/wp\/v2\/types\/product"}],"replies":[{"embeddable":true,"href":"https:\/\/bojler.mtecprojects.ch\/index.php?rest_route=%2Fwp%2Fv2%2Fcomments&post=10185"}],"wp:featuredmedia":[{"embeddable":true,"href":"https:\/\/bojler.mtecprojects.ch\/index.php?rest_route=\/wp\/v2\/media\/10224"}],"wp:attachment":[{"href":"https:\/\/bojler.mtecprojects.ch\/index.php?rest_route=%2Fwp%2Fv2%2Fmedia&parent=10185"}],"wp:term":[{"taxonomy":"pwb-brand","embeddable":true,"href":"https:\/\/bojler.mtecprojects.ch\/index.php?rest_route=%2Fwp%2Fv2%2Fpwb-brand&post=10185"},{"taxonomy":"product_brand","embeddable":true,"href":"https:\/\/bojler.mtecprojects.ch\/index.php?rest_route=%2Fwp%2Fv2%2Fproduct_brand&post=10185"},{"taxonomy":"product_cat","embeddable":true,"href":"https:\/\/bojler.mtecprojects.ch\/index.php?rest_route=%2Fwp%2Fv2%2Fproduct_cat&post=10185"},{"taxonomy":"product_tag","embeddable":true,"href":"https:\/\/bojler.mtecprojects.ch\/index.php?rest_route=%2Fwp%2Fv2%2Fproduct_tag&post=10185"}],"curies":[{"name":"wp","href":"https:\/\/api.w.org\/{rel}","templated":true}]}}