{"id":10182,"date":"2026-03-14T13:38:09","date_gmt":"2026-03-14T13:38:09","guid":{"rendered":"https:\/\/bojler.mtecprojects.ch\/?post_type=product&#038;p=10182"},"modified":"2026-03-14T13:55:16","modified_gmt":"2026-03-14T13:55:16","slug":"bosch-tr5001-15-18-21-esob","status":"publish","type":"product","link":"https:\/\/bojler.mtecprojects.ch\/?product=bosch-tr5001-15-18-21-esob","title":{"rendered":"Bosch TR5001 15\/18\/21 ESOB"},"content":{"rendered":"<table class=\"woocommerce-product-attributes shop_attributes\">\n<tbody>\n<tr class=\"woocommerce-product-attributes-item woocommerce-product-attributes-item--weight\">\n<th class=\"woocommerce-product-attributes-item__label\">Te\u017eina<\/th>\n<td class=\"woocommerce-product-attributes-item__value\">3,32 kg<\/td>\n<\/tr>\n<tr class=\"woocommerce-product-attributes-item woocommerce-product-attributes-item--dimensions\">\n<th class=\"woocommerce-product-attributes-item__label\">Dimenzije (Dubina\u00d7\u0160irina\u00d7Visina)<\/th>\n<td class=\"woocommerce-product-attributes-item__value\">10,6 \u00d7 23,6 \u00d7 43,4 cm<\/td>\n<\/tr>\n<tr class=\"woocommerce-product-attributes-item woocommerce-product-attributes-item--attribute_pa_proizvodjac\">\n<th class=\"woocommerce-product-attributes-item__label\">Proizvo\u0111a\u010d<\/th>\n<td class=\"woocommerce-product-attributes-item__value\">\n<p>Bosch<\/p>\n<\/td>\n<\/tr>\n<tr class=\"woocommerce-product-attributes-item woocommerce-product-attributes-item--attribute_pa_snaga\">\n<th class=\"woocommerce-product-attributes-item__label\">Snaga<\/th>\n<td class=\"woocommerce-product-attributes-item__value\">\n<p>21 kW<\/p>\n<\/td>\n<\/tr>\n<tr class=\"woocommerce-product-attributes-item woocommerce-product-attributes-item--attribute_pa_energetski-razred\">\n<th class=\"woocommerce-product-attributes-item__label\">Energetski razred<\/th>\n<td class=\"woocommerce-product-attributes-item__value\">\n<p>A<\/p>\n<\/td>\n<\/tr>\n<tr class=\"woocommerce-product-attributes-item woocommerce-product-attributes-item--attribute_pa_nacin-ugradnje\">\n<th class=\"woocommerce-product-attributes-item__label\">Na\u010din ugradnje<\/th>\n<td class=\"woocommerce-product-attributes-item__value\">\n<p>Vertikalno<\/p>\n<\/td>\n<\/tr>\n<tr class=\"woocommerce-product-attributes-item woocommerce-product-attributes-item--attribute_pa_montiranje\">\n<th class=\"woocommerce-product-attributes-item__label\">Montiranje<\/th>\n<td class=\"woocommerce-product-attributes-item__value\">\n<p>Zid<\/p>\n<\/td>\n<\/tr>\n<tr class=\"woocommerce-product-attributes-item woocommerce-product-attributes-item--attribute_pa_boja\">\n<th class=\"woocommerce-product-attributes-item__label\">Boja<\/th>\n<td class=\"woocommerce-product-attributes-item__value\">\n<p>Bela<\/p>\n<\/td>\n<\/tr>\n<tr class=\"woocommerce-product-attributes-item woocommerce-product-attributes-item--attribute_pa_garancija\">\n<th class=\"woocommerce-product-attributes-item__label\">Garancija<\/th>\n<td class=\"woocommerce-product-attributes-item__value\">\n<p>2 godine<\/p>\n<\/td>\n<\/tr>\n<\/tbody>\n<\/table>\n","protected":false},"excerpt":{"rendered":"<p>Cena sadr\u017ei PDV i nema skrivenih tro\u0161kova.<br \/>\nPla\u0107anje na rate je mogu\u0107e samo u prodajnom salonu.<\/p>\n<p>Vreme dostave: 3-5 radna dana<\/p>\n<p>Elektri\u010dni proto\u010dni bojler za kuhinju, kupatilo, tu\u0161 i lavabo<\/p>\n<p>-Kompaktni dizajn, modernog izgleda sa veoma tankim ku\u0107i\u0161tem od svega 11 cm<br \/>\n-Visoka efikasnost i ekonomi\u010dnost prilikom koris\u0107enja uz pomo\u0107 finog pode\u0161avanje snage prema potrebi, pogodan za sva doma\u0107instva<br \/>\n-Jednostavno pode\u0161avanje temperature u 6 predefinisanih re\u017eima pomo\u0107u okretnog dugmeta i svetle\u0107eg LED indikatora<br \/>\n-Mogu\u0107nost Wifi upravljanja preko \u201cHomeComEasy\u201d app.<br \/>\n-CLICKFIX plus\u00ae \u2013 na\u010din ugradnje omogu\u0107ava brzu i jednostavnu ugradnju sa malo tro\u0161kova uz pribor za monta\u017eu i ve\u0107 pripremljene otvore kao i \u0161ablon u sklopu isporuke<br \/>\n-Za\u0161titu na visokom nivou obezbe\u017euje IP25 nivo za\u0161tite od prskanja vodom<br \/>\n-Auto detekcija vazdu\u0161nih mehura vode u sistemu, omogu\u0107ava isklju\u010divanje greja\u010da i njihovu za\u0161titu od rada bez vode<br \/>\n-Ispod \u201cla\u017enog\u201d poklopca se krije nalepnica sa QR kodom koji vodi do Bosch aplikacije sa video snimcima kako se vr\u0161i monta\u017ea ure\u0111aja<br \/>\n-Jednostavniji \u201cretrofit\u201d na mesto postoje\u0107ih ure\u0111aja, providna pole\u0111ina i fabri\u010dki ozna\u010dena mesta za otvore drugih proizvo\u0111a\u010da omogu\u0107vaju lak\u0161u ugradnju Bosch bojlera<br \/>\n-Mogu\u0107nost uvo\u0111enja elektro priklju\u010dka sa gornje i donje strane kroz zelene gumene otvore<br \/>\n-Kleme za povezivanje se fabri\u010dki mogu podesiti u 3 razli\u010dite pozicije (pozicije A, B i C)<br \/>\n-Zbog svega ovoga nije potrebno podu\u017eavati kabl ili menajti mesto monta\u017ee bojlera \u010dak i ako je njegov predhodnik bio od drugog proizvo\u0111a\u010da<br \/>\n-Ure\u0111aj je fabri\u010dki pode\u0161en na maksimalnu nazivnu snagu i temperaturu<br \/>\n-Obavezno pode\u0161avanje snage pre uklju\u010divanja od strane elektri\u010dara<\/p>\n","protected":false},"featured_media":10219,"comment_status":"closed","ping_status":"closed","template":"","meta":{"_acf_changed":false,"content-type":""},"pwb-brand":[],"product_brand":[],"product_cat":[161,145,157,132,134,138,140,153,141,152],"product_tag":[],"class_list":{"0":"post-10182","1":"product","2":"type-product","3":"status-publish","4":"has-post-thumbnail","6":"product_cat-21-kw","7":"product_cat-a","8":"product_cat-bosch","9":"product_cat-brend","10":"product_cat-energetski-razred","11":"product_cat-montiranje","12":"product_cat-nacin-ugradnje","13":"product_cat-snaga","14":"product_cat-vertikalno","15":"product_cat-zid","17":"first","18":"instock","19":"sale","20":"shipping-taxable","21":"purchasable","22":"product-type-simple"},"acf":[],"brands":[],"_links":{"self":[{"href":"https:\/\/bojler.mtecprojects.ch\/index.php?rest_route=\/wp\/v2\/product\/10182","targetHints":{"allow":["GET"]}}],"collection":[{"href":"https:\/\/bojler.mtecprojects.ch\/index.php?rest_route=\/wp\/v2\/product"}],"about":[{"href":"https:\/\/bojler.mtecprojects.ch\/index.php?rest_route=\/wp\/v2\/types\/product"}],"replies":[{"embeddable":true,"href":"https:\/\/bojler.mtecprojects.ch\/index.php?rest_route=%2Fwp%2Fv2%2Fcomments&post=10182"}],"wp:featuredmedia":[{"embeddable":true,"href":"https:\/\/bojler.mtecprojects.ch\/index.php?rest_route=\/wp\/v2\/media\/10219"}],"wp:attachment":[{"href":"https:\/\/bojler.mtecprojects.ch\/index.php?rest_route=%2Fwp%2Fv2%2Fmedia&parent=10182"}],"wp:term":[{"taxonomy":"pwb-brand","embeddable":true,"href":"https:\/\/bojler.mtecprojects.ch\/index.php?rest_route=%2Fwp%2Fv2%2Fpwb-brand&post=10182"},{"taxonomy":"product_brand","embeddable":true,"href":"https:\/\/bojler.mtecprojects.ch\/index.php?rest_route=%2Fwp%2Fv2%2Fproduct_brand&post=10182"},{"taxonomy":"product_cat","embeddable":true,"href":"https:\/\/bojler.mtecprojects.ch\/index.php?rest_route=%2Fwp%2Fv2%2Fproduct_cat&post=10182"},{"taxonomy":"product_tag","embeddable":true,"href":"https:\/\/bojler.mtecprojects.ch\/index.php?rest_route=%2Fwp%2Fv2%2Fproduct_tag&post=10182"}],"curies":[{"name":"wp","href":"https:\/\/api.w.org\/{rel}","templated":true}]}}