{"id":10166,"date":"2026-03-14T13:38:04","date_gmt":"2026-03-14T13:38:04","guid":{"rendered":"https:\/\/bojler.mtecprojects.ch\/?post_type=product&#038;p=10166"},"modified":"2026-03-14T13:55:13","modified_gmt":"2026-03-14T13:55:13","slug":"ariston-andris-rs-10-ur","status":"publish","type":"product","link":"https:\/\/bojler.mtecprojects.ch\/?product=ariston-andris-rs-10-ur","title":{"rendered":"Ariston Andris RS 10 UR"},"content":{"rendered":"<table class=\"woocommerce-product-attributes shop_attributes\">\n<tbody>\n<tr class=\"woocommerce-product-attributes-item woocommerce-product-attributes-item--weight\">\n<th class=\"woocommerce-product-attributes-item__label\">Te\u017eina<\/th>\n<td class=\"woocommerce-product-attributes-item__value\">6,6 kg<\/td>\n<\/tr>\n<tr class=\"woocommerce-product-attributes-item woocommerce-product-attributes-item--dimensions\">\n<th class=\"woocommerce-product-attributes-item__label\">Dimenzije (Dubina\u00d7\u0160irina\u00d7Visina)<\/th>\n<td class=\"woocommerce-product-attributes-item__value\">29,8 \u00d7 36 \u00d7 36 cm<\/td>\n<\/tr>\n<tr class=\"woocommerce-product-attributes-item woocommerce-product-attributes-item--attribute_pa_proizvodjac\">\n<th class=\"woocommerce-product-attributes-item__label\">Proizvo\u0111a\u010d<\/th>\n<td class=\"woocommerce-product-attributes-item__value\">\n<p>Ariston<\/p>\n<\/td>\n<\/tr>\n<tr class=\"woocommerce-product-attributes-item woocommerce-product-attributes-item--attribute_pa_zapremina\">\n<th class=\"woocommerce-product-attributes-item__label\">Zapremina<\/th>\n<td class=\"woocommerce-product-attributes-item__value\">\n<p>10L<\/p>\n<\/td>\n<\/tr>\n<tr class=\"woocommerce-product-attributes-item woocommerce-product-attributes-item--attribute_pa_snaga\">\n<th class=\"woocommerce-product-attributes-item__label\">Snaga<\/th>\n<td class=\"woocommerce-product-attributes-item__value\">\n<p>1.2 kW<\/p>\n<\/td>\n<\/tr>\n<tr class=\"woocommerce-product-attributes-item woocommerce-product-attributes-item--attribute_pa_energetski-razred\">\n<th class=\"woocommerce-product-attributes-item__label\">Energetski razred<\/th>\n<td class=\"woocommerce-product-attributes-item__value\">\n<p>B<\/p>\n<\/td>\n<\/tr>\n<tr class=\"woocommerce-product-attributes-item woocommerce-product-attributes-item--attribute_pa_materijal\">\n<th class=\"woocommerce-product-attributes-item__label\">Materijal<\/th>\n<td class=\"woocommerce-product-attributes-item__value\">\n<p>Emajl<\/p>\n<\/td>\n<\/tr>\n<tr class=\"woocommerce-product-attributes-item woocommerce-product-attributes-item--attribute_pa_montiranje\">\n<th class=\"woocommerce-product-attributes-item__label\">Montiranje<\/th>\n<td class=\"woocommerce-product-attributes-item__value\">\n<p>Niska monta\u017ea<\/p>\n<\/td>\n<\/tr>\n<tr class=\"woocommerce-product-attributes-item woocommerce-product-attributes-item--attribute_pa_nacin-ugradnje\">\n<th class=\"woocommerce-product-attributes-item__label\">Na\u010din ugradnje<\/th>\n<td class=\"woocommerce-product-attributes-item__value\">\n<p>Vertikalno<\/p>\n<\/td>\n<\/tr>\n<tr class=\"woocommerce-product-attributes-item woocommerce-product-attributes-item--attribute_pa_boja\">\n<th class=\"woocommerce-product-attributes-item__label\">Boja<\/th>\n<td class=\"woocommerce-product-attributes-item__value\">\n<p>Bela<\/p>\n<\/td>\n<\/tr>\n<tr class=\"woocommerce-product-attributes-item woocommerce-product-attributes-item--attribute_pa_garancija\">\n<th class=\"woocommerce-product-attributes-item__label\">Garancija<\/th>\n<td class=\"woocommerce-product-attributes-item__value\">\n<p>5 godina<\/p>\n<\/td>\n<\/tr>\n<tr class=\"woocommerce-product-attributes-item woocommerce-product-attributes-item--attribute_pa_princip-rada\">\n<th class=\"woocommerce-product-attributes-item__label\">Princip rada<\/th>\n<td class=\"woocommerce-product-attributes-item__value\">\n<p>Visokopritisni<\/p>\n<\/td>\n<\/tr>\n<tr class=\"woocommerce-product-attributes-item woocommerce-product-attributes-item--attribute_pa_zemlja\">\n<th class=\"woocommerce-product-attributes-item__label\">Zemlja porekla<\/th>\n<td class=\"woocommerce-product-attributes-item__value\">\n<p>Italija<\/p>\n<\/td>\n<\/tr>\n<\/tbody>\n<\/table>\n","protected":false},"excerpt":{"rendered":"<p>Cena sadr\u017ei PDV i nema skrivenih tro\u0161kova.<br \/>\nPla\u0107anje na rate je mogu\u0107e samo u prodajnom salonu.<\/p>\n<p>-Zidni elektric\u030cni grejac\u030c vode<br \/>\n-Montaz\u030ca ispod pulta<br \/>\n-Emajlirana unutras\u030cnjost kazana<br \/>\n-Magnezijumska anoda<br \/>\n-Vrlo precizna regulacija<br \/>\n-Termostat visoke osetljivosti<\/p>\n","protected":false},"featured_media":10196,"comment_status":"closed","ping_status":"closed","template":"","meta":{"_acf_changed":false,"content-type":""},"pwb-brand":[],"product_brand":[],"product_cat":[130,131,133,135,132,137,134,136,138,140,139,142,141,143,129],"product_tag":[],"class_list":{"0":"post-10166","1":"product","2":"type-product","3":"status-publish","4":"has-post-thumbnail","6":"product_cat-10l","7":"product_cat-15l","8":"product_cat-ariston","9":"product_cat-b","10":"product_cat-brend","11":"product_cat-emajl","12":"product_cat-energetski-razred","13":"product_cat-materijal-kazana","14":"product_cat-montiranje","15":"product_cat-nacin-ugradnje","16":"product_cat-niska-montaza","17":"product_cat-princip-rada","18":"product_cat-vertikalno","19":"product_cat-visokopritisni","20":"product_cat-zapremina-bojlera","22":"first","23":"instock","24":"sale","25":"shipping-taxable","26":"purchasable","27":"product-type-simple"},"acf":[],"brands":[],"_links":{"self":[{"href":"https:\/\/bojler.mtecprojects.ch\/index.php?rest_route=\/wp\/v2\/product\/10166","targetHints":{"allow":["GET"]}}],"collection":[{"href":"https:\/\/bojler.mtecprojects.ch\/index.php?rest_route=\/wp\/v2\/product"}],"about":[{"href":"https:\/\/bojler.mtecprojects.ch\/index.php?rest_route=\/wp\/v2\/types\/product"}],"replies":[{"embeddable":true,"href":"https:\/\/bojler.mtecprojects.ch\/index.php?rest_route=%2Fwp%2Fv2%2Fcomments&post=10166"}],"wp:featuredmedia":[{"embeddable":true,"href":"https:\/\/bojler.mtecprojects.ch\/index.php?rest_route=\/wp\/v2\/media\/10196"}],"wp:attachment":[{"href":"https:\/\/bojler.mtecprojects.ch\/index.php?rest_route=%2Fwp%2Fv2%2Fmedia&parent=10166"}],"wp:term":[{"taxonomy":"pwb-brand","embeddable":true,"href":"https:\/\/bojler.mtecprojects.ch\/index.php?rest_route=%2Fwp%2Fv2%2Fpwb-brand&post=10166"},{"taxonomy":"product_brand","embeddable":true,"href":"https:\/\/bojler.mtecprojects.ch\/index.php?rest_route=%2Fwp%2Fv2%2Fproduct_brand&post=10166"},{"taxonomy":"product_cat","embeddable":true,"href":"https:\/\/bojler.mtecprojects.ch\/index.php?rest_route=%2Fwp%2Fv2%2Fproduct_cat&post=10166"},{"taxonomy":"product_tag","embeddable":true,"href":"https:\/\/bojler.mtecprojects.ch\/index.php?rest_route=%2Fwp%2Fv2%2Fproduct_tag&post=10166"}],"curies":[{"name":"wp","href":"https:\/\/api.w.org\/{rel}","templated":true}]}}